{"id":7639,"date":"2025-01-10T11:37:21","date_gmt":"2025-01-10T10:37:21","guid":{"rendered":"https:\/\/www.bsg-edeka.de\/aktuelles\/?page_id=7639"},"modified":"2025-01-13T15:39:10","modified_gmt":"2025-01-13T14:39:10","slug":"laufen-minden-2-2","status":"publish","type":"page","link":"https:\/\/www.bsg-edeka.de\/aktuelles\/betriebstaete\/laufen\/laufen-minden-2\/laufen-minden-2-2\/","title":{"rendered":"Laufen &#8211; Minden"},"content":{"rendered":"<p>[et_pb_section fb_built=&#8220;1&#8243; _builder_version=&#8220;4.21.0&#8243; global_colors_info=&#8220;{}&#8220;][et_pb_row _builder_version=&#8220;4.27.4&#8243; background_size=&#8220;initial&#8220; background_position=&#8220;top_left&#8220; background_repeat=&#8220;repeat&#8220; global_colors_info=&#8220;{}&#8220;][et_pb_column type=&#8220;4_4&#8243; _builder_version=&#8220;4.16&#8243; custom_padding=&#8220;|||&#8220; global_colors_info=&#8220;{}&#8220; custom_padding__hover=&#8220;|||&#8220;][et_pb_text admin_label=&#8220;Text&#8220; _builder_version=&#8220;4.27.4&#8243; _module_preset=&#8220;default&#8220; global_colors_info=&#8220;{}&#8220;]<\/p>\n<p><span style=\"font-size: 20px;\">Laufen &#8211; Minden<\/span><\/p>\n<p>[\/et_pb_text][et_pb_text admin_label=&#8220;Kopf Laufen Minden&#8220; _builder_version=&#8220;4.27.4&#8243; background_size=&#8220;initial&#8220; background_position=&#8220;top_left&#8220; background_repeat=&#8220;repeat&#8220; global_colors_info=&#8220;{}&#8220;]<\/p>\n<table style=\"border-collapse: collapse; width: 96.5437%; height: 223px;\">\n<tbody>\n<tr style=\"height: 224px;\">\n<td style=\"width: 48.7805%; height: 224px;\"><img loading=\"lazy\" decoding=\"async\" class=\"wp-image-7652 alignnone size-medium aligncenter\" src=\"https:\/\/www.bsg-edeka.de\/wp-content\/uploads\/2025\/01\/Laufen-Pictogramm-png-300x178.png\" alt=\"\" width=\"300\" height=\"178\" \/><\/td>\n<td style=\"width: 51.2195%; height: 224px;\">\n<p dir=\"ltr\"><strong>Auf einen Blick:<\/strong><\/p>\n<p dir=\"ltr\">\n<div>\n<p><strong>Trainingszeit:<\/strong> Dienstags und wahlweise Donnerstags um 17:30 Uhr<\/p>\n<p><strong>Ort<\/strong>: Haupteingang Campus<\/p>\n<p>Bei Interesse kontaktiere die Spartenleitung:<\/p>\n<p><span style=\"font-family: inherit; font-size: inherit;\">Saskia P\u00f6sz, Tel.: +49 571 802-2234, <\/span><span style=\"font-family: inherit; font-size: inherit;\">saskia.poesz@minden.edeka.de<\/span><\/p>\n<p>Frederike Diekmann, Tel.: +49 571 802-7050, frederike.diekmann@minden.edeka.de<\/p>\n<\/div>\n<\/td>\n<\/tr>\n<\/tbody>\n<\/table>\n<div>\u00a0<\/div>\n<p>[\/et_pb_text][et_pb_text admin_label=&#8220;\u00dcber uns&#8220; _builder_version=&#8220;4.27.4&#8243; background_size=&#8220;initial&#8220; background_position=&#8220;top_left&#8220; background_repeat=&#8220;repeat&#8220; global_colors_info=&#8220;{}&#8220;]<strong>\u00dcber uns:<\/strong><\/p>\n<p>Wir laden euch herzlich ein, mit uns gemeinsam aktiv zu werden. 1 bis 2 Mal w\u00f6chentlich laufen wir in der Gruppe, eine Strecke von vorerst rund 5 km (laufen, gehen &#8211; alles ist erlaubt).<\/p>\n<p>Dar\u00fcber hinaus freuen wir uns \u00fcber jede:n, der mit uns bei Laufveranstaltungen mitmacht und die EDEKA Minden-Hannover repr\u00e4sentiert. F\u00fcr das kommende Jahr haben wir bereits coole Events in der Planung &#8211; Infos folgen. Lasst uns gemeinsam die Laufschuhe schn\u00fcren.<\/p>\n<p>Wir freuen uns auf viele motivierte Mitstreiter:innen und tolle gemeinsame L\u00e4ufe! Meldet euch gerne bei uns.<br \/>\n[\/et_pb_text][et_pb_text admin_label=&#8220;Text&#8220; _builder_version=&#8220;4.27.4&#8243; _module_preset=&#8220;default&#8220; hover_enabled=&#8220;0&#8243; global_colors_info=&#8220;{}&#8220; sticky_enabled=&#8220;0&#8243;]<\/p>\n<h2>\u00a0<\/h2>\n<h2>Wir laufen mit euch!<\/h2>\n<h2>\u00a0<\/h2>\n<h2>Saskia<\/h2>\n<ul>\n<li>Personalentwicklung &#8211; Digitales Lernen<\/li>\n<li>bisherige L\u00e4ufe: von Firmenl\u00e4ufe \u00fcber Schlemmerlauf bis hin zum Hindernislauf<\/li>\n<li>Ziele: In 2025 m\u00f6chte ich einen Halbmarathon laufen<\/li>\n<\/ul>\n<h2>Frederike<\/h2>\n<ul>\n<li>Teil der Personalentwicklung<\/li>\n<li>bisherige Lauf-Events: Schlemmerl\u00e4ufe der Region (gro\u00dfe Empfehlung), Xletix Stadtoldendorf, Volkslauf Minden<\/li>\n<li>Ziele: Laufsport in der BSG etablieren und gemeinsam an coolen Lauf-Events teilnehmen<\/li>\n<\/ul>\n<p>&nbsp;<\/p>\n<h2><strong>Gemeinsam waren wir auch schon mehrfach aktiv&#8230;<\/strong><\/h2>\n<p>[\/et_pb_text][et_pb_image src=&#8220;https:\/\/www.bsg-edeka.de\/wp-content\/uploads\/2025\/01\/IMG-20241025-WA0008-225&#215;300-1-2.jpg&#8220; title_text=&#8220;IMG-20241025-WA0008-225&#215;300-1&#8243; _builder_version=&#8220;4.27.4&#8243; _module_preset=&#8220;default&#8220; global_colors_info=&#8220;{}&#8220;][\/et_pb_image][et_pb_divider _builder_version=&#8220;4.27.4&#8243; _module_preset=&#8220;default&#8220; global_colors_info=&#8220;{}&#8220;][\/et_pb_divider][\/et_pb_column][\/et_pb_row][\/et_pb_section]<\/p>\n","protected":false},"excerpt":{"rendered":"<p>Laufen &#8211; Minden Auf einen Blick: Trainingszeit: Dienstags und wahlweise Donnerstags um 17:30 Uhr Ort: Haupteingang Campus Bei Interesse kontaktiere die Spartenleitung: Saskia P\u00f6sz, Tel.: +49 571 802-2234, saskia.poesz@minden.edeka.de Frederike Diekmann, Tel.: +49 571 802-7050, frederike.diekmann@minden.edeka.de \u00a0\u00dcber uns: Wir laden euch herzlich ein, mit uns gemeinsam aktiv zu werden. 1 bis 2 Mal w\u00f6chentlich laufen [&hellip;]<\/p>\n","protected":false},"author":23,"featured_media":0,"parent":1081,"menu_order":0,"comment_status":"closed","ping_status":"closed","template":"","meta":{"_et_pb_use_builder":"on","_et_pb_old_content":"","_et_gb_content_width":"","footnotes":""},"class_list":["post-7639","page","type-page","status-publish","hentry"],"_links":{"self":[{"href":"https:\/\/www.bsg-edeka.de\/aktuelles\/wp-json\/wp\/v2\/pages\/7639","targetHints":{"allow":["GET"]}}],"collection":[{"href":"https:\/\/www.bsg-edeka.de\/aktuelles\/wp-json\/wp\/v2\/pages"}],"about":[{"href":"https:\/\/www.bsg-edeka.de\/aktuelles\/wp-json\/wp\/v2\/types\/page"}],"author":[{"embeddable":true,"href":"https:\/\/www.bsg-edeka.de\/aktuelles\/wp-json\/wp\/v2\/users\/23"}],"replies":[{"embeddable":true,"href":"https:\/\/www.bsg-edeka.de\/aktuelles\/wp-json\/wp\/v2\/comments?post=7639"}],"version-history":[{"count":34,"href":"https:\/\/www.bsg-edeka.de\/aktuelles\/wp-json\/wp\/v2\/pages\/7639\/revisions"}],"predecessor-version":[{"id":7727,"href":"https:\/\/www.bsg-edeka.de\/aktuelles\/wp-json\/wp\/v2\/pages\/7639\/revisions\/7727"}],"up":[{"embeddable":true,"href":"https:\/\/www.bsg-edeka.de\/aktuelles\/wp-json\/wp\/v2\/pages\/1081"}],"wp:attachment":[{"href":"https:\/\/www.bsg-edeka.de\/aktuelles\/wp-json\/wp\/v2\/media?parent=7639"}],"curies":[{"name":"wp","href":"https:\/\/api.w.org\/{rel}","templated":true}]}}