{"id":7365,"date":"2024-06-20T08:14:48","date_gmt":"2024-06-20T06:14:48","guid":{"rendered":"https:\/\/www.bsg-edeka.de\/aktuelles\/?page_id=7365"},"modified":"2026-04-09T18:53:31","modified_gmt":"2026-04-09T16:53:31","slug":"e-sports-league-of-legends","status":"publish","type":"page","link":"https:\/\/www.bsg-edeka.de\/aktuelles\/betriebstaete\/e-sports-league-of-legends\/","title":{"rendered":"E-Sports \u2013 League of Legends"},"content":{"rendered":"<p>[et_pb_section fb_built=&#8220;1&#8243; _builder_version=&#8220;4.25.2&#8243; _module_preset=&#8220;default&#8220; global_colors_info=&#8220;{}&#8220;][et_pb_row _builder_version=&#8220;4.25.2&#8243; _module_preset=&#8220;default&#8220; global_colors_info=&#8220;{}&#8220;][et_pb_column type=&#8220;4_4&#8243; _builder_version=&#8220;4.25.2&#8243; _module_preset=&#8220;default&#8220; global_colors_info=&#8220;{}&#8220;][et_pb_text _builder_version=&#8220;4.27.0&#8243; background_size=&#8220;initial&#8220; background_position=&#8220;top_left&#8220; background_repeat=&#8220;repeat&#8220; global_colors_info=&#8220;{}&#8220;]<\/p>\n<h1><span style=\"font-size: 24px; color: #000000;\">E-Sports \u2013 League of Legends<\/span><\/h1>\n<table style=\"border-collapse: collapse; width: 100%; height: 196px;\">\n<tbody>\n<tr style=\"height: 196px;\">\n<td style=\"width: 50%; height: 196px;\"><img loading=\"lazy\" decoding=\"async\" class=\"wp-image-7496 alignnone size-medium aligncenter\" src=\"https:\/\/www.bsg-edeka.de\/wp-content\/uploads\/2024\/08\/blackwhite-300x133.png\" alt=\"\" width=\"300\" height=\"133\" \/><\/td>\n<td style=\"width: 50%; height: 196px;\">\n<p dir=\"ltr\"><strong>Auf einen Blick:<\/strong><\/p>\n<p><strong>Trainingszeit:<\/strong> mittwochs um 18:00 Uhr<br \/><strong>Ort:<\/strong> Online per Discord<\/p>\n<p>Bei Interesse, einfach bei den Spartenleitern\u00a0<strong>Paul H\u00fcbener (Tel.: 0571\/802-3745) <\/strong>oder\u00a0<strong>Dominic Peters (Tel.: 0571\/802-3580)<\/strong> oder \u00fcber Discord melden.<\/p>\n<p>Username Discord Paul H\u00fcbener: wolfovis<\/p>\n<p>Username Discord: Dominic Peters: bluetiger<\/p>\n<\/td>\n<\/tr>\n<\/tbody>\n<\/table>\n<p>[\/et_pb_text][et_pb_text _builder_version=&#8220;4.25.2&#8243; _module_preset=&#8220;default&#8220; global_colors_info=&#8220;{}&#8220;]<\/p>\n<p><strong>\u00dcber die Sparte:<\/strong><\/p>\n<p>Der E-Sport hat sich mittlerweile weltweit etabliert und hat es nun auch in den EDEKA Betriebssport geschafft. Mit &#8222;League of Legends&#8220; \u00a0nehmen wir an kleinen Turnieren teil und spielen in der Beginnerliga der Prime League. Wir treffen uns <strong>w\u00f6chentlich<\/strong>, um in League of Legends zu trainieren und als Team Strategien zu besprechen.<\/p>\n<p>Im Augenblick sind Trainingstermine nur <strong>online<\/strong> m\u00f6glich, jedoch ist das Ziel, feste R\u00e4umlichkeiten und Equipment in Pr\u00e4senz zu bieten.<\/p>\n<p>Es sind Spieler aller Niveaus willkommen, jedoch sollte ein Grundverst\u00e4ndnis des Spiels vorhanden sein. Mit dieser BSG Sparte wollen wir auch andere E-Sports Interessierte inspirieren und uns nicht nur auf League of Legends beschr\u00e4nken.<\/p>\n<p>Wir freuen uns immer \u00fcber neue Interessenten, meldet euch gerne bei einem der o. g. Ansprechpartner!<\/p>\n<p><a href=\"https:\/\/www.bsg-edeka.de\/wp-content\/uploads\/2024\/06\/2E-Sports.jpg\"><img loading=\"lazy\" decoding=\"async\" class=\"wp-image-7416 aligncenter size-medium\" src=\"https:\/\/www.bsg-edeka.de\/wp-content\/uploads\/2024\/06\/2E-Sports-300x253.jpg\" alt=\"\" width=\"300\" height=\"253\" \/><\/a><\/p>\n<p>[\/et_pb_text][et_pb_divider _builder_version=&#8220;4.25.2&#8243; _module_preset=&#8220;default&#8220; global_colors_info=&#8220;{}&#8220;][\/et_pb_divider][\/et_pb_column][\/et_pb_row][et_pb_row column_structure=&#8220;3_4,1_4&#8243; _builder_version=&#8220;4.25.2&#8243; _module_preset=&#8220;default&#8220; global_colors_info=&#8220;{}&#8220;][et_pb_column type=&#8220;3_4&#8243; _builder_version=&#8220;4.25.2&#8243; _module_preset=&#8220;default&#8220; global_colors_info=&#8220;{}&#8220;][et_pb_blog include_categories=&#8220;108&#8243; meta_date=&#8220;j. MY&#8220; show_content=&#8220;on&#8220; _builder_version=&#8220;4.27.6&#8243; _module_preset=&#8220;default&#8220; background_color=&#8220;RGBA(255,255,255,0)&#8220; global_colors_info=&#8220;{}&#8220;][\/et_pb_blog][\/et_pb_column][et_pb_column type=&#8220;1_4&#8243; _builder_version=&#8220;4.25.2&#8243; _module_preset=&#8220;default&#8220; global_colors_info=&#8220;{}&#8220;][et_pb_sidebar _builder_version=&#8220;4.27.6&#8243; _module_preset=&#8220;default&#8220; global_colors_info=&#8220;{}&#8220;][\/et_pb_sidebar][\/et_pb_column][\/et_pb_row][\/et_pb_section]<\/p>\n","protected":false},"excerpt":{"rendered":"<p>E-Sports \u2013 League of Legends Auf einen Blick: Trainingszeit: mittwochs um 18:00 UhrOrt: Online per Discord Bei Interesse, einfach bei den Spartenleitern\u00a0Paul H\u00fcbener (Tel.: 0571\/802-3745) oder\u00a0Dominic Peters (Tel.: 0571\/802-3580) oder \u00fcber Discord melden. Username Discord Paul H\u00fcbener: wolfovis Username Discord: Dominic Peters: bluetiger \u00dcber die Sparte: Der E-Sport hat sich mittlerweile weltweit etabliert und hat [&hellip;]<\/p>\n","protected":false},"author":21,"featured_media":0,"parent":8,"menu_order":0,"comment_status":"closed","ping_status":"closed","template":"","meta":{"_et_pb_use_builder":"on","_et_pb_old_content":"","_et_gb_content_width":"","footnotes":""},"class_list":["post-7365","page","type-page","status-publish","hentry"],"_links":{"self":[{"href":"https:\/\/www.bsg-edeka.de\/aktuelles\/wp-json\/wp\/v2\/pages\/7365","targetHints":{"allow":["GET"]}}],"collection":[{"href":"https:\/\/www.bsg-edeka.de\/aktuelles\/wp-json\/wp\/v2\/pages"}],"about":[{"href":"https:\/\/www.bsg-edeka.de\/aktuelles\/wp-json\/wp\/v2\/types\/page"}],"author":[{"embeddable":true,"href":"https:\/\/www.bsg-edeka.de\/aktuelles\/wp-json\/wp\/v2\/users\/21"}],"replies":[{"embeddable":true,"href":"https:\/\/www.bsg-edeka.de\/aktuelles\/wp-json\/wp\/v2\/comments?post=7365"}],"version-history":[{"count":45,"href":"https:\/\/www.bsg-edeka.de\/aktuelles\/wp-json\/wp\/v2\/pages\/7365\/revisions"}],"predecessor-version":[{"id":8278,"href":"https:\/\/www.bsg-edeka.de\/aktuelles\/wp-json\/wp\/v2\/pages\/7365\/revisions\/8278"}],"up":[{"embeddable":true,"href":"https:\/\/www.bsg-edeka.de\/aktuelles\/wp-json\/wp\/v2\/pages\/8"}],"wp:attachment":[{"href":"https:\/\/www.bsg-edeka.de\/aktuelles\/wp-json\/wp\/v2\/media?parent=7365"}],"curies":[{"name":"wp","href":"https:\/\/api.w.org\/{rel}","templated":true}]}}