{"id":69,"date":"2014-04-15T23:31:46","date_gmt":"2014-04-15T21:31:46","guid":{"rendered":"http:\/\/2014.bsg-edeka.de\/?page_id=69"},"modified":"2026-03-11T18:34:24","modified_gmt":"2026-03-11T17:34:24","slug":"vorstand","status":"publish","type":"page","link":"https:\/\/www.bsg-edeka.de\/aktuelles\/vorstand\/","title":{"rendered":"Vorstand"},"content":{"rendered":"<p>[et_pb_section fb_built=&#8220;1&#8243; _builder_version=&#8220;4.16&#8243; collapsed=&#8220;off&#8220; global_colors_info=&#8220;{}&#8220;][et_pb_row _builder_version=&#8220;4.16&#8243; background_size=&#8220;initial&#8220; background_position=&#8220;top_left&#8220; background_repeat=&#8220;repeat&#8220; collapsed=&#8220;off&#8220; global_colors_info=&#8220;{}&#8220;][et_pb_column type=&#8220;4_4&#8243; _builder_version=&#8220;4.16&#8243; custom_padding=&#8220;|||&#8220; global_colors_info=&#8220;{}&#8220; custom_padding__hover=&#8220;|||&#8220;][et_pb_text _builder_version=&#8220;4.27.6&#8243; background_size=&#8220;initial&#8220; background_position=&#8220;top_left&#8220; background_repeat=&#8220;repeat&#8220; hover_enabled=&#8220;0&#8243; global_colors_info=&#8220;{}&#8220; sticky_enabled=&#8220;0&#8243;]<\/p>\n<p style=\"text-align: center;\"><span style=\"color: #000080; font-size: 14pt; font-family: arial,helvetica,sans-serif;\">Betriebssport bei EDEKA<\/span><\/p>\n<div style=\"text-align: center;\"><span style=\"color: #333399; font-family: arial, helvetica, sans-serif;\">Die EDEKA Minden-Hannover bietet f\u00fcr alle Mitarbeitenden im Gro\u00df- und Einzelhandel ein umfangreiches Betriebssportangebot. Betriebssport f\u00f6rdert die Gesundheit und das Miteinander unter den Kolleginnen und Kollegen. <\/span><\/div>\n<div style=\"text-align: center;\"><span style=\"color: #333399; font-family: arial, helvetica, sans-serif;\">Auch Familienangeh\u00f6rige der Mitarbeitenden sind beim EDEKA-Betriebssport gerne willkommen. Wollt ihr auch dabei sein? Die Ansprechpartner der jeweiligen Sportarten freuen sich \u00fcber eure Kontaktaufnahme-<\/span><\/div>\n<div><span style=\"font-size: 14pt; color: #000080; font-family: arial,helvetica,sans-serif;\">\u00a0<\/span><\/div>\n<div style=\"text-align: center;\"><span style=\"font-size: 14pt; color: #000080; font-family: arial,helvetica,sans-serif;\">Betriebssportangebote an den verschiedenen Standorten<\/span><\/div>\n<div style=\"text-align: center;\">\u00a0<\/div>\n<h4 style=\"text-align: center;\"><span style=\"text-decoration: underline; color: #333399; font-family: arial,helvetica,sans-serif;\">Minden, B\u00fcckeburg, Lauenau und Umgebung<\/span><\/h4>\n<div style=\"text-align: center;\">\n<div>\n<table style=\"border-collapse: collapse; width: 100%; height: 358px;\">\n<tbody>\n<tr style=\"height: 23px;\">\n<td style=\"width: 20%; height: 23px;\"><strong>Badminton<\/strong><\/td>\n<td style=\"width: 20%; height: 23px;\">Dienstags 17:30 &#8211; 19:00 Uhr<\/td>\n<td style=\"width: 20%; height: 23px;\">Kreissporthalle 2, Hahler Str.112, 32427 Minden<\/td>\n<td style=\"width: 20%; height: 23px;\">Witali Luja, Tel.: 0571\/802-2284, Email: <a href=\"mailto:%20witali.luja@minden.edeka.de\">witali.luja@minden.edeka.de<\/a> und Lars We\u00dfling, Tel.: 0571\/802-1909, Email: <a href=\"mailto:%20lars.wessling@minden.edeka.de\">lars.wessling@minden.edeka.de<\/a><\/td>\n<\/tr>\n<tr>\n<td style=\"width: 20%;\"><strong>Boule<\/strong><\/td>\n<td style=\"width: 20%;\">noch in Planung<\/td>\n<td style=\"width: 20%;\">noch in Planung<\/td>\n<td style=\"width: 20%;\">Peter Dr\u00e4bert, Tel.: 0571\/802-3701, Email: <a href=\"mailto:peter.draebert@minden.edeka.de\">peter.draebert@minden.edeka.de<\/a><\/td>\n<\/tr>\n<tr style=\"height: 23px;\">\n<td style=\"width: 20%; height: 23px;\"><strong>Bowling<\/strong><\/td>\n<td style=\"width: 20%; height: 23px;\">alle 14 Tage &#8211; abwechselnd Dienstags bzw. Donnerstags ab 18:30 Uhr<\/td>\n<td style=\"width: 20%; height: 23px;\">Ramba Zamba Bowl Schaumburg (Hainekamp 1, 31711 Luhden)<\/td>\n<td style=\"width: 20%; height: 23px;\">Ralf Benker, Tel.: 0571\/802-3853, Email: <a href=\"mailto:%20ralf.benker@edeka.de\">ralf.benker@edeka.de<\/a><\/td>\n<\/tr>\n<tr style=\"height: 23px;\">\n<td style=\"width: 20%; height: 23px;\"><strong>Drachenboot<\/strong><\/td>\n<td style=\"width: 20%; height: 23px;\">Genau Zeiten der einzelnen Gruppen k\u00f6nnen bei Carsten Breer erfragt werden<\/td>\n<td style=\"width: 20%; height: 23px;\">Bootshaus des Mindener Drachenbootclubs (MDC) und Bootshaus des Faltboot- und Skiclubs Minden (FSM)<\/td>\n<td style=\"width: 20%; height: 23px;\">Carsten Breer, Tel.: 0571\/802-1634, Email: <a href=\"mailto:carsten.breer@minden.edeka.de\">carsten.breer@minden.edeka.de<\/a><\/td>\n<\/tr>\n<tr style=\"height: 47px;\">\n<td style=\"width: 20%; height: 47px;\"><strong>E-Sports<\/strong><\/td>\n<td style=\"width: 20%; height: 47px;\">Infos \u00fcber aktuelle Events bei Paul H\u00fcbener und Dominic Peters<\/td>\n<td style=\"width: 20%; height: 47px;\">online<\/td>\n<td style=\"width: 20%; height: 47px;\">Paul H\u00fcbener, Tel: 0571 802-3745, Email: <a href=\"mailto:paul.huebener@edeka.de\">paul.huebener@edeka.de<\/a> oder\u00a0 \u00a0 \u00a0 \u00a0 \u00a0 \u00a0 \u00a0Dominic Peters, Tel: 0571 802-3580, Email: <a href=\"mailto:dominic.peters@edeka.de\">dominic.peters@edeka.de<\/a><\/td>\n<\/tr>\n<tr style=\"height: 10px;\">\n<td style=\"width: 20%; height: 10px;\"><strong>Fussball<\/strong><\/td>\n<td style=\"width: 20%; height: 10px;\">Montags 18:00 &#8211; 19:30 Uhr<\/td>\n<td style=\"width: 20%; height: 10px;\">Winter: Sporthalle Minden-S\u00fcd, Sommer: Sportplatz am Mittelweg Minden<\/td>\n<td style=\"width: 20%; height: 10px;\">Bastian Watermann, Email: <a href=\"mailto:bastian.watermann@edeka.de\">bastian.watermann@edeka.de<\/a><\/td>\n<\/tr>\n<tr style=\"height: 23px;\">\n<td style=\"width: 20%; height: 23px;\"><strong>Kanu<\/strong><\/td>\n<td style=\"width: 20%; height: 23px;\">In den Sommermonaten (Mai-August)<\/td>\n<td style=\"width: 20%; height: 23px;\">Bootshaus des KSC Porta, An d. Pforte 1A, 32457 Porta Westfalica<\/td>\n<td style=\"width: 20%; height: 23px;\">Ilka Brotmann, Tel.: 0571\/802-1845, Email: <a href=\"mailto:ilka.brotmann@minden.edeka.de\">ilka.brotmann@minden.edeka.de<\/a><\/td>\n<\/tr>\n<tr style=\"height: 23px;\">\n<td style=\"width: 20%; height: 23px;\"><strong>Kartsport<\/strong><\/td>\n<td style=\"width: 20%; height: 23px;\">Jeden ersten Mittwoch im Monat ab 18:30 Uhr<\/td>\n<td style=\"width: 20%; height: 23px;\">RaceDome Stadthagen, Enzer Str. 94, 31655 Stadthagen<\/td>\n<td style=\"width: 20%; height: 23px;\">J\u00f6rg Brosig, Tel.: 0571 802\/2070, Email: <a href=\"mailto:joerg.brosig@minden.edeka.de\">joerg.brosig@minden.edeka.de<\/a> oder\u00a0 \u00a0 \u00a0 \u00a0 \u00a0 \u00a0Astrid Redeker, Email: <a href=\"mailto:astrid.redeker@minden.edeka.de\">astrid.redeker@minden.edeka.de<\/a><\/td>\n<\/tr>\n<tr style=\"height: 23px;\">\n<td style=\"width: 20%; height: 23px;\"><strong>Kegeln<\/strong><\/td>\n<td style=\"width: 20%; height: 23px;\">Mittwochs 18:00 \u2013 20:00 Uhr<\/td>\n<td style=\"width: 20%; height: 23px;\">Gastst\u00e4tte,,R\u00e4ucherstube\u201d, Holzheide 11, 32469 Petershagen-Me\u00dflingen<\/td>\n<td style=\"width: 20%; height: 23px;\">Peter Dr\u00e4bert, Tel.: 0571\/802-3701, Email: <a href=\"mailto:peter.draebert@minden.edeka.de\">peter.draebert@minden.edeka.de<\/a><\/td>\n<\/tr>\n<tr style=\"height: 71px;\">\n<td style=\"width: 20%; height: 71px;\"><strong>Laufen<\/strong><\/td>\n<td style=\"width: 20%; height: 71px;\">dienstags und wahlweise donnerstags um 17:30 Uhr<\/td>\n<td style=\"width: 20%; height: 71px;\">Haupteingang Campus<\/td>\n<td style=\"width: 20%; height: 71px;\">Frederike Diekmann, Tel.: 0571 802-7050, Email: <a href=\"mailto:frederike.diekmann@minden.edeka.de\">frederike.diekmann@minden.edeka.de<\/a>\u00a0oder Saskia P\u00f6sz Tel.: 0571 802-2234, <a href=\"mailto:saskia.poesz@minden.edeka.de\">saskia.poesz@minden.edeka.de<\/a><\/td>\n<\/tr>\n<tr style=\"height: 23px;\">\n<td style=\"width: 20%; height: 23px;\"><strong>Nordic-Walking<\/strong><\/td>\n<td style=\"width: 20%; height: 23px;\">Mittwochs 17:00 Uhr<\/td>\n<td style=\"width: 20%; height: 23px;\">Haupteingang Campus<\/td>\n<td style=\"width: 20%; height: 23px;\">Dirk Koch, Tel.: 0571 802-3580, Email: <a href=\"mailto:dirk.koch@minden.edeka.de\">dirk.koch@minden.edeka.de<\/a><\/td>\n<\/tr>\n<tr>\n<td style=\"width: 20%;\"><strong>Motorrad<\/strong><\/td>\n<td style=\"width: 20%;\">W\u00e4hrend der Sommerzeit, Touren werden vom Spartenleiter im Intranet bekannt gegeben oder k\u00f6nnen erfragt werden.\u00a0<\/td>\n<td style=\"width: 20%;\">Parkplatz Campus<\/td>\n<td style=\"width: 20%;\">Dirk Herrmann, Tel.: 0571 \/ 802-1714, Email: <a href=\"mailto:%20dirk.herrmann@minden.edeka.de\">dirk.herrmann@minden.edeka.de<\/a><\/td>\n<\/tr>\n<tr style=\"height: 23px;\">\n<td style=\"width: 20%; height: 23px;\"><strong>Radsport<\/strong><\/td>\n<td style=\"width: 20%; height: 23px;\">W\u00e4hrend der Sommerzeit, Radtouren werden vom Spartenleiter im Intranet bekannt gegeben<\/td>\n<td style=\"width: 20%; height: 23px;\">Start am Fahrradparkhaus Campus<\/td>\n<td style=\"width: 20%; height: 23px;\">Ralf Begemann, Tel.: 0571\/802-1968, Email: <a href=\"mailto:ralf.begemann@minden.edeka.de\">ralf.begemann@minden.edeka.de<\/a><\/td>\n<\/tr>\n<tr style=\"height: 23px;\">\n<td style=\"width: 20%; height: 23px;\"><strong>Tischtennis<\/strong><\/td>\n<td style=\"width: 20%; height: 23px;\">In Absprache mit Olaf Beyer<\/td>\n<td style=\"width: 20%; height: 23px;\">Tischtennisraum im Campus (Keller)<\/td>\n<td style=\"width: 20%; height: 23px;\">Olaf Beyer, Tel:+49 571 802-1396, Email: <a href=\"mailto:olaf.beyer@minden.edeka.de\">olaf.beyer@minden.edeka.de<\/a><\/td>\n<\/tr>\n<tr style=\"height: 23px;\">\n<td style=\"width: 20%; height: 23px;\"><strong>Volleyball<\/strong><\/td>\n<td style=\"width: 20%; height: 23px;\">Montags, 18:00 &#8211; 20:00 Uhr<\/td>\n<td style=\"width: 20%; height: 23px;\">Sporthalle der FES Minden, Kingsleyallee 6, 32425 Minden (Zufahrt am Akay-Markt Z\u00e4hringerallee)<\/td>\n<td style=\"width: 20%; height: 23px;\">R\u00fcdiger Runge, Tel.: 0571 \/802-3597, Email: <a href=\"mailto:ruediger.runge@edeka.de\">ruediger.runge@edeka.de<\/a><\/td>\n<\/tr>\n<\/tbody>\n<\/table>\n<\/div>\n<div>\u00a0<\/div>\n<div>\u00a0<\/div>\n<div>\u00a0<\/div>\n<div style=\"text-align: center;\">\n<h4>\u00a0<\/h4>\n<h4 style=\"text-align: center;\"><span style=\"text-decoration: underline; color: #333399; font-family: arial,helvetica,sans-serif;\">Osterweddingen und der Raum Magdeburg<\/span><\/h4>\n<div>\u00a0<\/div>\n<\/div>\n<\/div>\n<div>\n<div>\n<div style=\"text-align: center;\">\n<table style=\"border-collapse: collapse; width: 100%; height: 120px;\">\n<tbody>\n<tr style=\"height: 23px;\">\n<td style=\"width: 20%; height: 23px;\"><strong>Fussball<\/strong><\/td>\n<td style=\"width: 20%; height: 23px;\">\n<h2><span style=\"font-size: 14px;\">Infos gibt es bei Fred Kramer<\/span><\/h2>\n<\/td>\n<td style=\"width: 20%; height: 23px;\">\n<h2>\u00a0<\/h2>\n<\/td>\n<td style=\"width: 20%; height: 23px;\">Fred Kramer, Tel.: 039205 44-343, Email: <a href=\"mailto:%20fred.kramer@minden.edeka.de\">fred.kramer@minden.edeka.de<\/a><\/td>\n<\/tr>\n<tr style=\"height: 83px;\">\n<td style=\"width: 20%; height: 83px;\"><strong>Volleyball<\/strong><\/td>\n<td style=\"width: 20%; height: 83px;\">\n<h2><span style=\"font-size: 14px;\">Infos gibt es bei Fred Kramer<\/span><\/h2>\n<\/td>\n<td style=\"width: 20%; height: 83px;\">\n<h2>\u00a0<\/h2>\n<\/td>\n<td style=\"width: 20%; height: 83px;\">Fred Kramer, Tel.: 039205 44-343, Email: <a href=\"mailto:%20fred.kramer@minden.edeka.de\">fred.kramer@minden.edeka.de<\/a><\/td>\n<\/tr>\n<tr style=\"height: 14px;\">\n<td style=\"width: 20%; height: 14px;\"><strong>Laufen<\/strong><\/td>\n<td style=\"width: 20%; height: 14px;\">\n<h2><span style=\"font-size: 14px;\">Samstags ab 8 Uhr<\/span><\/h2>\n<\/td>\n<td style=\"width: 20%; height: 14px;\">\n<h2><span style=\"font-size: 14px;\">Im Stadtpark Magdeburg, Heinrich-Heine-Platz 1 39114 Magdeburg (Albinm\u00fcller-Turm)<\/span><\/h2>\n<\/td>\n<td style=\"width: 20%; height: 14px;\">Dominic Schulz, Tel.: 039205 44-442, Email: <a href=\"mailto:%20dominic.schulz@minden.edeka.de\">dominic.schulz@minden.edeka.de<\/a><\/td>\n<\/tr>\n<\/tbody>\n<\/table>\n<\/div>\n<\/div>\n<div style=\"text-align: center;\">\n<div style=\"text-align: center;\">\n<div style=\"text-align: center;\">\n<h4>\u00a0<\/h4>\n<\/div>\n<\/div>\n<\/div>\n<\/div>\n<div>\n<h4>\u00a0<\/h4>\n<h4 style=\"text-align: center;\"><span style=\"text-decoration: underline; color: #333399; font-family: arial,helvetica,sans-serif;\">Landsberg und der Raum Halle\/Leipzig<\/span><\/h4>\n<div style=\"text-align: center;\">\n<table style=\"border-collapse: collapse; width: 100%; height: 33px;\">\n<tbody>\n<tr style=\"height: 23px;\">\n<td style=\"width: 20%; height: 23px;\"><strong>Fussball<\/strong><\/td>\n<td style=\"width: 20%; height: 23px;\">\n<h2><span style=\"font-size: 14px;\">Trainingseinheit Mittwoch 17:30 Uhr bis 19:30 Uhr<\/span><\/h2>\n<\/td>\n<td style=\"width: 20%; height: 23px;\">\n<h2><span style=\"font-size: 14px;\">Sportanlage Niemberg (Hallenfu\u00dfball) \/\/\u00a0Alte Zollstra\u00dfe 27, 06188 Niemberg<\/span><\/h2>\n<\/td>\n<td style=\"width: 20%; height: 23px;\">Robert Dreher, Tel.: +49 34 6023631-94, Email: <a href=\"mailto:%20robert.dreher@minden.edeka.de\">robert.dreher@minden.edeka.de<\/a><\/td>\n<\/tr>\n<\/tbody>\n<\/table>\n<\/div>\n<\/div>\n<div style=\"text-align: center;\">\n<div style=\"text-align: center;\">\n<div style=\"text-align: center;\">\n<h4>\u00a0<\/h4>\n<h4 style=\"text-align: center;\"><span style=\"text-decoration: underline; color: #333399; font-family: arial,helvetica,sans-serif;\">Berliner Raum mit Freienbrink und Mittenwalde.<\/span><\/h4>\n<div style=\"text-align: center;\">\n<table style=\"border-collapse: collapse; width: 100%; height: 33px;\">\n<tbody>\n<tr style=\"height: 23px;\">\n<td style=\"width: 20%; height: 23px;\"><strong>Fussball<\/strong><\/td>\n<td style=\"width: 20%; height: 23px;\">Infos gibt es bei Mike M\u00fcller<\/td>\n<td style=\"width: 20%; height: 23px;\">\u00a0<\/td>\n<td style=\"width: 20%; height: 23px;\">Mike M\u00fcller, Email: <a href=\"mailto:mikemueller-1608@web.de\">mikemueller-1608@web.de<\/a><\/td>\n<\/tr>\n<tr style=\"height: 23px;\">\n<td style=\"width: 20%; height: 10px;\"><strong>Laufen<\/strong><\/td>\n<td style=\"width: 20%; height: 10px;\">Infos \u00fcber Laufveranstaltungen gibt es bei Robert Lambeck<\/td>\n<td style=\"width: 20%; height: 10px;\">\u00a0<\/td>\n<td style=\"width: 20%; height: 10px;\">Robert Lambeck, Email: <a href=\"mailto:robert.lambeck@minden.edeka.de\">robert.lambeck@minden.edeka.de<\/a><\/td>\n<\/tr>\n<tr>\n<td style=\"width: 20%;\"><strong>Padel<\/strong><\/td>\n<td style=\"width: 20%;\">Infos gibt es bei Robert Lambeck<\/td>\n<td style=\"width: 20%;\">\u00a0<\/td>\n<td style=\"width: 20%;\">Robert Lambeck, Email: <a href=\"mailto:robert.lambeck@minden.edeka.de\">robert.lambeck@minden.edeka.de<\/a><\/td>\n<\/tr>\n<\/tbody>\n<\/table>\n<\/div>\n<div>\u00a0<\/div>\n<\/div>\n<\/div>\n<\/div>\n<h4>\u00a0<\/h4>\n<h4 style=\"text-align: center;\"><span style=\"text-decoration: underline; color: #333399; font-family: arial,helvetica,sans-serif;\">Wiefelstede und der Raum Nordwest<\/span><\/h4>\n<div style=\"text-align: center;\"><span style=\"color: #333399; font-family: arial, helvetica, sans-serif;\">Zur Zeit gibt es Angebote im Bereich Fussball. Hier\u00fcber und \u00fcber die weiteren Betriebssportm\u00f6glichkeiten im Nordwesten gibt es Infos bei Tim Lenk, Tel.: 0441\/9701-5720 Email: tim.lenk@minden.edeka.de oder Monika Lehmann, Tel.: 0441\/9701-5933, Email: monika.lehmann@minden.edeka.de<\/span><\/div>\n<div>\u00a0<\/div>\n<div style=\"text-align: center;\">\u00a0<\/div>\n<div>\u00a0<\/div>\n<div>\u00a0<\/div>\n<div>\u00a0<\/div>\n<div>Ist an eurem Standort nicht das Richtige dabei? Kein Problem. Wie ihr selbst eine Sparte gr\u00fcndet, k\u00f6nnt ihr beim Vorstand der Betriebssportgemeinschaft erfragen: Meldet euch einfach bei uns:<\/div>\n<div>1. Vorsitzende: Saskia P\u00f6sz Tel.: 0571 802-2234, <a href=\"mailto:saskia.poesz@minden.edeka.de\">saskia.poesz@minden.edeka.de<\/a><\/div>\n<div>Gesch\u00e4ftsf\u00fchrer: R\u00fcdiger Runge, Tel.: 0571\/802-3597, Email: <a href=\"mailto:ruediger.runge@edeka.de\">ruediger.runge@edeka.de<\/a><\/div>\n<div>2. Vorsitzende: Ilka Brotmann, Tel.: 0571\/802-1845, Email: <a href=\"mailto:ilka.brotmann@minden.edeka.de\">ilka.brotmann@minden.edeka.de<\/a><\/div>\n<div>Kassenwart: Lutz Becker, Tel.: 0571\/802-1349, Email: <a href=\"mailto:lutz.becker@minden.edeka.de\">lutz.becker@minden.edeka.de<\/a><\/div>\n<div>Schriftf\u00fchrer: Peter Dr\u00e4bert, Tel.: 0571\/802-3701, Email: <a href=\"mailto:peter.draebert@minden.edeka.de\">peter.draebert@minden.edeka.de<\/a><\/div>\n<div style=\"text-align: center;\">\u00a0<\/div>\n<p>[\/et_pb_text][\/et_pb_column][\/et_pb_row][\/et_pb_section]<\/p>\n","protected":false},"excerpt":{"rendered":"<p>Betriebssport bei EDEKA Die EDEKA Minden-Hannover bietet f\u00fcr alle Mitarbeitenden im Gro\u00df- und Einzelhandel ein umfangreiches Betriebssportangebot. Betriebssport f\u00f6rdert die Gesundheit und das Miteinander unter den Kolleginnen und Kollegen. Auch Familienangeh\u00f6rige der Mitarbeitenden sind beim EDEKA-Betriebssport gerne willkommen. Wollt ihr auch dabei sein? Die Ansprechpartner der jeweiligen Sportarten freuen sich \u00fcber eure Kontaktaufnahme- \u00a0 Betriebssportangebote [&hellip;]<\/p>\n","protected":false},"author":1,"featured_media":0,"parent":0,"menu_order":0,"comment_status":"closed","ping_status":"closed","template":"","meta":{"_et_pb_use_builder":"on","_et_pb_old_content":"<p style=\"text-align: center;\"><span style=\"color: #000080; font-size: 14pt; font-family: arial,helvetica,sans-serif;\">Betriebssport bei EDEKA<\/span><\/p>\r\n\r\n<div style=\"text-align: center;\"><span style=\"color: #333399;\"><span style=\"font-family: arial,helvetica,sans-serif;\">\u00a0<\/span><span style=\"font-size: 10pt; font-family: arial,helvetica,sans-serif;\">Schwerpunkte der Vorstandst\u00e4tigkeiten seit 2008 waren zum einen durch umfangreiche Marketingmassnahmen <\/span><\/span><\/div>\r\n<div style=\"text-align: center;\"><span style=\"font-size: 10pt; color: #333399; font-family: arial,helvetica,sans-serif;\">den Betriebssport bei den EDEKA Mitarbeitern bekannter zu machen, zum anderen die Sport-Aktivit\u00e4ten in den \u00fcbrigen Standorten zu integrieren.<\/span><\/div>\r\n<div><span style=\"font-size: 14pt; color: #000080; font-family: arial,helvetica,sans-serif;\">\u00a0<\/span><\/div>\r\n<div style=\"text-align: center;\"><span style=\"font-size: 14pt; color: #000080; font-family: arial,helvetica,sans-serif;\">Ansprechpartner im Vorstand und in den Sparten<\/span><\/div>\r\n<div style=\"text-align: center;\">\r\n<div style=\"text-align: center;\"><\/div>\r\n<div style=\"text-align: center;\"><span style=\"text-decoration: underline; color: #333399; font-family: arial,helvetica,sans-serif;\">1. Vorsitzender<\/span><\/div>\r\n<div style=\"text-align: center;\"><span style=\"color: #333399; font-family: arial,helvetica,sans-serif;\">Carsten Breer (0571) 802 1634 breer@bsg-edeka.de<\/span><\/div>\r\n<div style=\"text-align: center;\">\r\n<div style=\"text-align: center;\"><span style=\"text-decoration: underline; color: #333399; font-family: arial,helvetica,sans-serif;\">Gesch\u00e4ftsf\u00fchrer<\/span><\/div>\r\n<div style=\"text-align: center;\"><span style=\"color: #333399; font-family: arial,helvetica,sans-serif;\">R\u00fcdiger Runge (0571) 64660 3816 runge@bsg-edeka.de<\/span><\/div>\r\n<div style=\"text-align: center;\">\r\n<div style=\"text-align: center;\"><span style=\"text-decoration: underline; color: #333399; font-family: arial,helvetica,sans-serif;\">2. Vorsitzende<\/span><\/div>\r\n<div style=\"text-align: center;\"><span style=\"color: #333399; font-family: arial,helvetica,sans-serif;\">Ilka Brotmann (0571) 802 1845 brotmann@bsg-edeka.de<\/span><\/div>\r\n<\/div>\r\n<\/div>\r\n<\/div>\r\n<div style=\"text-align: center;\"><span style=\"text-decoration: underline; color: #333399; font-family: arial,helvetica,sans-serif;\">Schriftf\u00fchrerin<\/span><\/div>\r\n<div style=\"text-align: center;\"><span style=\"color: #333399; font-family: arial,helvetica,sans-serif;\">Martina Steg (0571) 802 1350 steg@bsg-edeka.de<\/span><\/div>\r\n<div style=\"text-align: center;\"><span style=\"text-decoration: underline; color: #333399; font-family: arial,helvetica,sans-serif;\">Kassenwart<\/span><\/div>\r\n<div style=\"text-align: center;\"><span style=\"color: #333399; font-family: arial,helvetica,sans-serif;\">Raymond Hamann Tel:0157 85117070\u00a0 hamann@bsg-edeka.de<\/span><\/div>\r\n<div style=\"text-align: center;\"><\/div>\r\n<div style=\"text-align: center;\">\r\n<div style=\"text-align: center;\"><span style=\"text-decoration: underline; color: #333399; font-family: arial,helvetica,sans-serif;\">Marketing<\/span><\/div>\r\n<div style=\"text-align: center;\"><span style=\"color: #333399; font-family: arial,helvetica,sans-serif;\">Nicole Broich (0571) 95631 610 broich@bsg-edeka.de<\/span><\/div>\r\n<div style=\"text-align: center;\"><span style=\"color: #333399; font-family: arial,helvetica,sans-serif;\">Udo Wecke (0571) 802 1741 wecke@bsg-edeka.de<\/span><\/div>\r\n<\/div>\r\n<div style=\"text-align: center;\"><span style=\"text-decoration: underline; color: #333399; font-family: arial,helvetica,sans-serif;\">Internet<\/span><\/div>\r\n<div style=\"text-align: center;\"><span style=\"color: #333399; font-family: arial,helvetica,sans-serif;\">Stephen Frogley:- frogley@bsg-edeka.de<\/span><\/div>\r\n<div style=\"text-align: center;\"><\/div>\r\n<div style=\"text-align: center;\"><span style=\"text-decoration: underline; color: #333399; font-family: arial,helvetica,sans-serif;\">Standort Freienbrink<\/span><\/div>\r\n<div style=\"text-align: center;\"><span style=\"color: #333399; font-family: arial,helvetica,sans-serif;\">Robert Lambeck (03362) 782 4462 lambeck@bsg-edeka.de<\/span><\/div>\r\n<div style=\"text-align: center;\"><span style=\"text-decoration: underline; color: #333399; font-family: arial,helvetica,sans-serif;\">Standort Osterweddingen<\/span><\/div>\r\n<div style=\"text-align: center;\"><span style=\"color: #333399; font-family: arial,helvetica,sans-serif;\">Fred Kramer (0157) 75310777 kramer@bsg-edeka.de<\/span><\/div>\r\n<div style=\"text-align: center;\"><span style=\"text-decoration: underline; color: #333399; font-family: arial,helvetica,sans-serif;\">Standort Wiefelstede<\/span><\/div>\r\n<div style=\"text-align: center;\"><span style=\"color: #333399; font-family: arial,helvetica,sans-serif;\">Monika Lehmann (0441) 9701 5933 lehmann@bsg-edeka.de<\/span><\/div>\r\n<div><span style=\"color: #333399; font-family: arial,helvetica,sans-serif;\">\u00a0<\/span><\/div>\r\n<div style=\"text-align: center;\"><span style=\"color: #333399; font-size: 14pt; font-family: arial,helvetica,sans-serif;\">Was ist eigentlich Betriebssport?<\/span><\/div>\r\n<div style=\"text-align: center;\"><span style=\"color: #333399; font-family: arial,helvetica,sans-serif;\">\u2022<\/span>\r\n<span style=\"color: #333399; font-size: 10pt; font-family: arial,helvetica,sans-serif;\"> Organisierter Betriebssport ist die regelm\u00e4\u00dfige sportliche Bet\u00e4tigung in Betriebssportvereinen.<\/span>\r\n<span style=\"color: #333399; font-size: 10pt; font-family: arial,helvetica,sans-serif;\"> \u2022<\/span>\r\n<span style=\"color: #333399; font-size: 10pt; font-family: arial,helvetica,sans-serif;\"> Der organisierte Betriebssport bietet einen Ausgleich zu den Belastungen des Alltags, sowie des Berufs und ist daher u.a. eine vorbeugende Gesundheitsma\u00dfnahme.<\/span>\r\n<span style=\"color: #333399; font-size: 10pt; font-family: arial,helvetica,sans-serif;\"> \u2022<\/span>\r\n<span style=\"color: #333399; font-size: 10pt; font-family: arial,helvetica,sans-serif;\"> Nicht die sportliche H\u00f6chstleistung, sondern das sportliche und gesellschaftliche Miteinander stehen hier im Vordergrund.<\/span>\r\n<span style=\"color: #333399; font-size: 10pt; font-family: arial,helvetica,sans-serif;\"> \u2022<\/span>\r\n<span style=\"color: #333399; font-size: 10pt; font-family: arial,helvetica,sans-serif;\"> Dennoch bietet der Wettkampf auch im Betriebssport einen gro\u00dfen Anreiz, sportlich aktiv zu werden.<\/span>\r\n<span style=\"color: #333399; font-size: 10pt; font-family: arial,helvetica,sans-serif;\"> \u2022<\/span>\r\n<span style=\"color: #333399; font-size: 10pt; font-family: arial,helvetica,sans-serif;\"> Betriebssportler \u00fcben ihren Sport aus Freude an der Bewegung und zur Verbesserung ihrer Fitness gemeinsam aus.<\/span>\r\n<span style=\"color: #333399; font-size: 10pt; font-family: arial,helvetica,sans-serif;\"> \u2022<\/span>\r\n<span style=\"color: #333399; font-size: 10pt; font-family: arial,helvetica,sans-serif;\"> Betriebssport wird \u00fcber Hierarchie und Abteilungsgrenzen hinweg ausgef\u00fchrt.<\/span>\r\n<span style=\"color: #333399; font-size: 10pt; font-family: arial,helvetica,sans-serif;\"> \u2022<\/span>\r\n<span style=\"color: #333399; font-size: 10pt; font-family: arial,helvetica,sans-serif;\"> Betriebssport vermittelt auch weniger Talentierten, \u00e4lteren und untrainierten, sowie Familien die Freude Sport.<\/span><\/div>\r\n<div style=\"text-align: center;\"><\/div>\r\n<div style=\"text-align: center;\"><\/div>","_et_gb_content_width":"","footnotes":""},"class_list":["post-69","page","type-page","status-publish","hentry"],"_links":{"self":[{"href":"https:\/\/www.bsg-edeka.de\/aktuelles\/wp-json\/wp\/v2\/pages\/69","targetHints":{"allow":["GET"]}}],"collection":[{"href":"https:\/\/www.bsg-edeka.de\/aktuelles\/wp-json\/wp\/v2\/pages"}],"about":[{"href":"https:\/\/www.bsg-edeka.de\/aktuelles\/wp-json\/wp\/v2\/types\/page"}],"author":[{"embeddable":true,"href":"https:\/\/www.bsg-edeka.de\/aktuelles\/wp-json\/wp\/v2\/users\/1"}],"replies":[{"embeddable":true,"href":"https:\/\/www.bsg-edeka.de\/aktuelles\/wp-json\/wp\/v2\/comments?post=69"}],"version-history":[{"count":13,"href":"https:\/\/www.bsg-edeka.de\/aktuelles\/wp-json\/wp\/v2\/pages\/69\/revisions"}],"predecessor-version":[{"id":8226,"href":"https:\/\/www.bsg-edeka.de\/aktuelles\/wp-json\/wp\/v2\/pages\/69\/revisions\/8226"}],"wp:attachment":[{"href":"https:\/\/www.bsg-edeka.de\/aktuelles\/wp-json\/wp\/v2\/media?parent=69"}],"curies":[{"name":"wp","href":"https:\/\/api.w.org\/{rel}","templated":true}]}}