{"id":6882,"date":"2023-10-24T09:44:11","date_gmt":"2023-10-24T07:44:11","guid":{"rendered":"https:\/\/www.bsg-edeka.de\/aktuelles\/?page_id=6882"},"modified":"2026-04-09T19:01:19","modified_gmt":"2026-04-09T17:01:19","slug":"badminton-minden","status":"publish","type":"page","link":"https:\/\/www.bsg-edeka.de\/aktuelles\/badminton-minden\/","title":{"rendered":"Badminton &#8211; Minden"},"content":{"rendered":"<p>[et_pb_section fb_built=&#8220;1&#8243; _builder_version=&#8220;4.21.0&#8243; global_colors_info=&#8220;{}&#8220;][et_pb_row _builder_version=&#8220;4.21.0&#8243; background_size=&#8220;initial&#8220; background_position=&#8220;top_left&#8220; background_repeat=&#8220;repeat&#8220; global_colors_info=&#8220;{}&#8220; admin_label=&#8220;Zeile&#8220;][et_pb_column type=&#8220;4_4&#8243; _builder_version=&#8220;4.16&#8243; custom_padding=&#8220;|||&#8220; global_colors_info=&#8220;{}&#8220; custom_padding__hover=&#8220;|||&#8220;][et_pb_text admin_label=&#8220;Kopf Badminton&#8220; _builder_version=&#8220;4.27.4&#8243; background_size=&#8220;initial&#8220; background_position=&#8220;top_left&#8220; background_repeat=&#8220;repeat&#8220; global_colors_info=&#8220;{}&#8220;]<\/p>\n<h1><span style=\"font-size: 24px;\">Badminton &#8211; Minden<\/span><\/h1>\n<table style=\"border-collapse: collapse; width: 110.23%; height: 223px;\">\n<tbody>\n<tr style=\"height: 224px;\">\n<td style=\"width: 55.0594%; height: 224px;\">\n<h1><a href=\"https:\/\/www.bsg-edeka.de\/wp-content\/uploads\/2023\/10\/Pic.jpg\"><img loading=\"lazy\" decoding=\"async\" class=\"wp-image-6894 aligncenter\" src=\"https:\/\/www.bsg-edeka.de\/wp-content\/uploads\/2023\/10\/Pic-300x300.jpg\" alt=\"\" width=\"157\" height=\"157\" srcset=\"https:\/\/www.bsg-edeka.de\/wp-content\/uploads\/2023\/10\/Pic-300x300.jpg 300w, https:\/\/www.bsg-edeka.de\/wp-content\/uploads\/2023\/10\/Pic-150x150.jpg 150w, https:\/\/www.bsg-edeka.de\/wp-content\/uploads\/2023\/10\/Pic.jpg 416w\" sizes=\"(max-width: 157px) 100vw, 157px\" \/><\/a><\/h1>\n<\/td>\n<td style=\"width: 59.0745%; height: 224px;\">\n<p dir=\"ltr\"><span style=\"font-size: 16px;\"><strong><span style=\"font-family: arial, helvetica, sans-serif;\">Auf einen Blick:<\/span><\/strong><\/span><\/p>\n<p dir=\"ltr\">\n<div>\n<p><strong>Trainingszeit:<\/strong> Dienstags von 17:30 &#8211; 19:00 Uhr<\/p>\n<p><strong>Bitte beachten:<\/strong> In den Sommerferien in NRW und an Feiertagen findet kein Training statt.<\/p>\n<p><strong>Ort<\/strong>: Kreissporthalle &#8222;Kampa 2&#8220;, Hahler Str. 112, 32427 Minden<\/p>\n<p>Bei Interesse kontaktiere die Spartenleitung Laura Wiese, Tel.: +49 571 802-2641, <span style=\"font-family: inherit; font-size: inherit;\">laura.wiese@minden.edeka.de<\/span><\/p>\n<\/div>\n<\/td>\n<\/tr>\n<\/tbody>\n<\/table>\n<div>\u00a0<\/div>\n<p>[\/et_pb_text][et_pb_text admin_label=&#8220;\u00dcber uns&#8220; _builder_version=&#8220;4.23&#8243; background_size=&#8220;initial&#8220; background_position=&#8220;top_left&#8220; background_repeat=&#8220;repeat&#8220; global_colors_info=&#8220;{}&#8220;]<\/p>\n<p>&nbsp;<\/p>\n<p><span style=\"font-family: arial,helvetica,sans-serif; font-size: 20px;\"><strong>\u00dcber uns<\/strong><\/span><\/p>\n<p>Egal, ob Anf\u00e4nger oder Fortgeschrittene &#8211; bei dem Badminton-Training war jedes Level vertreten. Auch f\u00fcr die zuk\u00fcnftigen Einheiten sind alle herzlich willkommen, teilzunehmen. Badminton ist ein schnelles und dynamisches Spiel, das sehr viel Spa\u00df macht &#8211; und gleichzeitig zur Verbesserung der k\u00f6rperlichen Fitness beitr\u00e4gt.\u00a0<\/p>\n<p>&nbsp;<\/p>\n<p>[\/et_pb_text][et_pb_divider _builder_version=&#8220;4.23&#8243; _module_preset=&#8220;default&#8220; global_colors_info=&#8220;{}&#8220;][\/et_pb_divider][\/et_pb_column][\/et_pb_row][et_pb_row _builder_version=&#8220;4.21.0&#8243; background_size=&#8220;initial&#8220; background_position=&#8220;top_left&#8220; background_repeat=&#8220;repeat&#8220; global_colors_info=&#8220;{}&#8220; column_structure=&#8220;3_4,1_4&#8243; admin_label=&#8220;Zeile&#8220;][et_pb_column type=&#8220;3_4&#8243; _builder_version=&#8220;4.16&#8243; custom_padding=&#8220;|||&#8220; global_colors_info=&#8220;{}&#8220; custom_padding__hover=&#8220;|||&#8220;][et_pb_blog include_categories=&#8220;105&#8243; show_content=&#8220;on&#8220; _builder_version=&#8220;4.27.6&#8243; _module_preset=&#8220;default&#8220; background_color=&#8220;#FFFFFF&#8220; hover_enabled=&#8220;0&#8243; global_colors_info=&#8220;{}&#8220; sticky_enabled=&#8220;0&#8243;][\/et_pb_blog][\/et_pb_column][et_pb_column type=&#8220;1_4&#8243; _builder_version=&#8220;4.16&#8243; custom_padding=&#8220;|||&#8220; global_colors_info=&#8220;{}&#8220; custom_padding__hover=&#8220;|||&#8220;][et_pb_sidebar _builder_version=&#8220;4.27.6&#8243; _module_preset=&#8220;default&#8220; hover_enabled=&#8220;0&#8243; sticky_enabled=&#8220;0&#8243;][\/et_pb_sidebar][\/et_pb_column][\/et_pb_row][\/et_pb_section]<\/p>\n","protected":false},"excerpt":{"rendered":"<p>Badminton &#8211; Minden Auf einen Blick: Trainingszeit: Dienstags von 17:30 &#8211; 19:00 Uhr Bitte beachten: In den Sommerferien in NRW und an Feiertagen findet kein Training statt. Ort: Kreissporthalle &#8222;Kampa 2&#8220;, Hahler Str. 112, 32427 Minden Bei Interesse kontaktiere die Spartenleitung Laura Wiese, Tel.: +49 571 802-2641, laura.wiese@minden.edeka.de \u00a0&nbsp; \u00dcber uns Egal, ob Anf\u00e4nger oder [&hellip;]<\/p>\n","protected":false},"author":21,"featured_media":0,"parent":0,"menu_order":0,"comment_status":"closed","ping_status":"closed","template":"","meta":{"_et_pb_use_builder":"on","_et_pb_old_content":"","_et_gb_content_width":"","footnotes":""},"class_list":["post-6882","page","type-page","status-publish","hentry"],"_links":{"self":[{"href":"https:\/\/www.bsg-edeka.de\/aktuelles\/wp-json\/wp\/v2\/pages\/6882","targetHints":{"allow":["GET"]}}],"collection":[{"href":"https:\/\/www.bsg-edeka.de\/aktuelles\/wp-json\/wp\/v2\/pages"}],"about":[{"href":"https:\/\/www.bsg-edeka.de\/aktuelles\/wp-json\/wp\/v2\/types\/page"}],"author":[{"embeddable":true,"href":"https:\/\/www.bsg-edeka.de\/aktuelles\/wp-json\/wp\/v2\/users\/21"}],"replies":[{"embeddable":true,"href":"https:\/\/www.bsg-edeka.de\/aktuelles\/wp-json\/wp\/v2\/comments?post=6882"}],"version-history":[{"count":19,"href":"https:\/\/www.bsg-edeka.de\/aktuelles\/wp-json\/wp\/v2\/pages\/6882\/revisions"}],"predecessor-version":[{"id":8281,"href":"https:\/\/www.bsg-edeka.de\/aktuelles\/wp-json\/wp\/v2\/pages\/6882\/revisions\/8281"}],"wp:attachment":[{"href":"https:\/\/www.bsg-edeka.de\/aktuelles\/wp-json\/wp\/v2\/media?parent=6882"}],"curies":[{"name":"wp","href":"https:\/\/api.w.org\/{rel}","templated":true}]}}