{"id":665,"date":"2014-09-15T19:39:57","date_gmt":"2014-09-15T17:39:57","guid":{"rendered":"http:\/\/2014.bsg-edeka.de\/?page_id=665"},"modified":"2017-10-18T19:19:46","modified_gmt":"2017-10-18T17:19:46","slug":"geschichte-bsg-edeka","status":"publish","type":"page","link":"https:\/\/www.bsg-edeka.de\/aktuelles\/geschichte-bsg-edeka\/","title":{"rendered":"Geschichte BSG-EDEKA"},"content":{"rendered":"<p>[et_pb_section bb_built=&#8220;1&#8243;][et_pb_row][et_pb_column type=&#8220;2_3&#8243;][et_pb_text _builder_version=&#8220;3.0.82&#8243; background_layout=&#8220;light&#8220; border_style=&#8220;solid&#8220; box_shadow_position=&#8220;outer&#8220;]<\/p>\n<p><strong>Geschichte der BSG &#8211; <\/strong><br \/>\n<strong>Der Betriebssportgemeinschaft der EDEKA Minden-<wbr \/>Hannover e.V.<\/strong><\/p>\n<p>Die Betriebssportgemeinschaft EDEKA Minden-<wbr \/>Hannover e.V. wurde im November 1978 durch die damaligen EDEKA Mitarbeiter Siegfried Mutzberg, Reinhard Heidkamp und Klaus R\u00fcschpler gegr\u00fcndet. Die 3 Gr\u00fcndungsmitglieder \u00fcbernahmen auch die Vorstands\u00e4mter. Anfang 1979 begann dann der Sportbetrieb mit insgesamt 52 Mitgliedern in den Sparten Fussball und Kegeln.<\/p>\n<p>In den Folgejahren hat sich die Mitgliederzahl mehr als verdoppelt. Spitzenwert war 1982 mit 110 Mitgliedern. Mit Volleyball, Handball, Kegeln und Tennis kamen weitere Sparten hinzu. W\u00e4hrend Tischtennis, Handball und Tennis nach einiger Zeit eingestellt werden mussten, wurden Kegeln, Volleyball und Fussball sozusagen zum \u201eDauerbrenner&#8220; und konnten sich bis heute halten. Allerdings ging die Mitgliederzahl wieder zur\u00fcck und lag zwischen 1988 und 2006 wieder bei etwa 50. Erst durch die 2 neuen Sparten Drachenboot und Bowling konnte die alte St\u00e4rke 2008 wieder erreicht werden.<\/p>\n<p>2008 begann eine neue \u00c4ra. Der von den 3 Gr\u00fcndungsmitgliedern einzige noch im Vorstand aktive Klaus R\u00fcschpler ging in den wohlverdienten Ruhestand. Auf der Mitgliederversammlung am 29.2.2008 wurde mit Heike Krupka, R\u00fcdiger Runge, Emil May, Klaus Meier, Norbert Flegel und Susanne Franke ein neuer Vorstand gew\u00e4hlt. Grund f\u00fcr die zahlenm\u00e4\u00dfige Vergr\u00f6\u00dferung des Vorstands war das Vorhaben, die Betriebssport-<wbr \/>Aktivit\u00e4ten, die es in den Aussenstandorten gab, mit zu verwalten. Ebenso sollten die Mitarbeiter im Einzelhandel einbezogen werden. Durch diese Ma\u00dfnahme konnte bis 2010 im gesamten Absatzgebiet eine Mitgliederst\u00e4rke von \u00fcber 300 Personen erreicht werden.<\/p>\n<p>Ein weiterer wichtiger Schritt erfolgte auf der Mitgliederversammlung 2011. Nach 3 erfolgreichen Jahren trat die Vorsitzende Heike Krupka nicht mehr zur Wiederwahl an. Als Nachfolgerin wurde Angela Watermann gew\u00e4hlt. Ebenso wurde mit Annette Koethe, Katrin Hoffmann und Carsten Breer ein 3-<wbr \/>k\u00f6pfiges Marketing-<wbr \/>Team in den erweiterten Vorstand gew\u00e4hlt, um die Aktivit\u00e4ten der BSG noch besser im Unternehmen und in der \u00d6ffentlichkeit zu pr\u00e4sentieren.<br \/>\nIn den Mindener bzw. B\u00fcckeburger Sparten Volleyball, Fussball, Kegeln, Drachenboot, Bowling und Laufen werden regelm\u00e4\u00dfige Wettk\u00e4mpfe mit anderen Betrieben durchgef\u00fchrt. Daf\u00fcr ist die BSG EDEKA Mitglied im Betriebssport Kreisverband Minden-<wbr \/>L\u00fcbbecke (<a href=\"http:\/\/www.bkv-minden-luebbecke.de\" target=\"_blank\" rel=\"noopener\">www.bkv-<wbr \/>minden-<wbr \/>luebbecke.de<\/a>)<\/p>\n<p>Ein H\u00f6hepunkt in der \u00fcber 30-<wbr \/>j\u00e4hrigen Geschichte war die Teilnahme von 37 EDEKA-<wbr \/>Betriebssportlern an den Europ\u00e4ischen Betriebssportspielen 2011 in Hamburg.<\/p>\n<p>Weitere Informationen zu den einzelnen Sparten findet Ihr hinter den entsprechenden Links auf dieser Seite.<\/p>\n<p>[\/et_pb_text][\/et_pb_column][et_pb_column type=&#8220;1_3&#8243;][et_pb_sidebar _builder_version=&#8220;3.0.82&#8243; area=&#8220;sidebar-1&#8243; orientation=&#8220;left&#8220; show_border=&#8220;on&#8220; background_layout=&#8220;light&#8220; box_shadow_position=&#8220;outer&#8220; \/][\/et_pb_column][\/et_pb_row][\/et_pb_section]<\/p>\n","protected":false},"excerpt":{"rendered":"<div class=\"et_pb_with_border et_pb_row et_pb_row_0 et_pb_row_empty\"><\/div>\n<p> Geschichte der BSG &#8211; Der Betriebssportgemeinschaft der EDEKA Minden-Hannover e.V. Die Betriebssportgemeinschaft EDEKA Minden-Hannover e.V. wurde im November 1978 durch die damaligen EDEKA Mitarbeiter Siegfried Mutzberg, Reinhard Heidkamp und Klaus R\u00fcschpler gegr\u00fcndet. Die 3 Gr\u00fcndungsmitglieder \u00fcbernahmen auch die Vorstands\u00e4mter. Anfang 1979 begann dann der Sportbetrieb mit insgesamt 52 Mitgliedern in den Sparten Fussball und [&hellip;]<\/p>\n","protected":false},"author":5,"featured_media":0,"parent":0,"menu_order":0,"comment_status":"closed","ping_status":"closed","template":"","meta":{"_et_pb_use_builder":"on","_et_pb_old_content":"<p><span style=\"font-size: 14pt; color: #333399;\">Geschichte<\/span><\/p><p><span style=\"font-size: 10pt; color: #333399;\">Willkommen bei der Betriebssportgemeinschaft der EDEKA Minden-<wbr \/>Hannover e.V.<\/span><\/p><p><span style=\"font-size: 10pt; color: #333399;\">Die Betriebssportgemeinschaft EDEKA Minden-<wbr \/>Hannover e.V. wurde im November 1978 durch die damaligen EDEKA Mitarbeiter Siegfried Mutzberg, Reinhard Heidkamp und Klaus R\u00fcschpler gegr\u00fcndet. Die 3 Gr\u00fcndungsmitglieder \u00fcbernahmen auch die Vorstands\u00e4mter. Anfang 1979 begann dann der Sportbetrieb mit insgesamt 52 Mitgliedern in den Sparten Fussball und Kegeln.<\/span><\/p><p><span style=\"font-size: 10pt; color: #333399;\">In den Folgejahren hat sich die Mitgliederzahl mehr als verdoppelt. Spitzenwert war 1982 mit 110 Mitgliedern. Mit Volleyball, Handball, Kegeln und Tennis kamen weitere Sparten hinzu. W\u00e4hrend Tischtennis, Handball und Tennis nach einiger Zeit eingestellt werden mussten, wurden Kegeln, Volleyball und Fussball sozusagen zum \u201eDauerbrenner\" und konnten sich bis heute halten. Allerdings ging die Mitgliederzahl wieder zur\u00fcck und lag zwischen 1988 und 2006 wieder bei etwa 50. Erst durch die 2 neuen Sparten Drachenboot und Bowling konnte die alte St\u00e4rke 2008 wieder erreicht werden.<\/span><\/p><p><span style=\"font-size: 10pt; color: #333399;\">2008 begann eine neue \u00c4ra. Der von den 3 Gr\u00fcndungsmitgliedern einzige noch im Vorstand aktive Klaus R\u00fcschpler ging in den wohlverdienten Ruhestand. Auf der Mitgliederversammlung am 29.2.2008 wurde mit Heike Krupka, R\u00fcdiger Runge, Emil May, Klaus Meier, Norbert Flegel und Susanne Franke ein neuer Vorstand gew\u00e4hlt. Grund f\u00fcr die zahlenm\u00e4\u00dfige Vergr\u00f6\u00dferung des Vorstands war das Vorhaben, die Betriebssport-<wbr \/>Aktivit\u00e4ten, die es in den Aussenstandorten gab, mit zu verwalten. Ebenso sollten die Mitarbeiter im Einzelhandel einbezogen werden. Durch diese Ma\u00dfnahme konnte bis 2010 im gesamten Absatzgebiet eine Mitgliederst\u00e4rke von \u00fcber 300 Personen erreicht werden.<\/span><\/p><p><span style=\"font-size: 10pt; color: #333399;\">\u00a0<\/span><\/p><p><span style=\"font-size: 10pt; color: #333399;\">Ein weiterer wichtiger Schritt erfolgte auf der Mitgliederversammlung 2011. Nach 3 erfolgreichen Jahren trat die Vorsitzende Heike Krupka nicht mehr zur Wiederwahl an. Als Nachfolgerin wurde Angela Watermann gew\u00e4hlt. Ebenso wurde mit Annette Koethe, Katrin Hoffmann und Carsten Breer ein 3-<wbr \/>k\u00f6pfiges Marketing-<wbr \/>Team in den erweiterten Vorstand gew\u00e4hlt, um die Aktivit\u00e4ten der BSG noch besser im Unternehmen und in der \u00d6ffentlichkeit zu pr\u00e4sentieren.<\/span><br \/> <span style=\"font-size: 10pt; color: #333399;\"> In den Mindener bzw. B\u00fcckeburger Sparten Volleyball, Fussball, Kegeln, Drachenboot, Bowling und Laufen werden regelm\u00e4\u00dfige Wettk\u00e4mpfe mit anderen Betrieben durchgef\u00fchrt. Daf\u00fcr ist die BSG EDEKA Mitglied im Betriebssport Kreisverband Minden-<wbr \/>L\u00fcbbecke<\/span><br \/> <span style=\"font-size: 10pt; color: #333399;\"> (<a style=\"color: #333399;\" href=\"http:\/\/www.bkv-minden-luebbecke.de\" target=\"_blank\" rel=\"noopener\">www.bkv-<wbr \/>minden-<wbr \/>luebbecke.de<\/a>)<\/span><\/p><p><span style=\"font-size: 10pt; color: #333399;\">Ein H\u00f6hepunkt in der \u00fcber 30-<wbr \/>j\u00e4hrigen Geschichte war die Teilnahme von 37 EDEKA-<wbr \/>Betriebssportlern an den Europ\u00e4ischen Betriebssportspielen 2011 in Hamburg.<\/span><\/p><p><span style=\"font-size: 10pt; color: #333399;\">\u00a0<\/span><\/p><p><span style=\"color: #333399;\">Weitere Informationen zu den einzelnen Sparten findet Ihr hinter den entsprechenden Links auf dieser Seite.<\/span><\/p>","_et_gb_content_width":"","footnotes":""},"class_list":["post-665","page","type-page","status-publish","hentry"],"_links":{"self":[{"href":"https:\/\/www.bsg-edeka.de\/aktuelles\/wp-json\/wp\/v2\/pages\/665","targetHints":{"allow":["GET"]}}],"collection":[{"href":"https:\/\/www.bsg-edeka.de\/aktuelles\/wp-json\/wp\/v2\/pages"}],"about":[{"href":"https:\/\/www.bsg-edeka.de\/aktuelles\/wp-json\/wp\/v2\/types\/page"}],"author":[{"embeddable":true,"href":"https:\/\/www.bsg-edeka.de\/aktuelles\/wp-json\/wp\/v2\/users\/5"}],"replies":[{"embeddable":true,"href":"https:\/\/www.bsg-edeka.de\/aktuelles\/wp-json\/wp\/v2\/comments?post=665"}],"version-history":[{"count":0,"href":"https:\/\/www.bsg-edeka.de\/aktuelles\/wp-json\/wp\/v2\/pages\/665\/revisions"}],"wp:attachment":[{"href":"https:\/\/www.bsg-edeka.de\/aktuelles\/wp-json\/wp\/v2\/media?parent=665"}],"curies":[{"name":"wp","href":"https:\/\/api.w.org\/{rel}","templated":true}]}}