{"id":474,"date":"2014-08-09T16:59:48","date_gmt":"2014-08-09T14:59:48","guid":{"rendered":"http:\/\/2014.bsg-edeka.de\/?page_id=474"},"modified":"2024-03-04T11:32:15","modified_gmt":"2024-03-04T10:32:15","slug":"kegeln-minden","status":"publish","type":"page","link":"https:\/\/www.bsg-edeka.de\/aktuelles\/kegeln-minden\/","title":{"rendered":"Kegeln &#8211; Minden"},"content":{"rendered":"<p>[et_pb_section fb_built=&#8220;1&#8243; _builder_version=&#8220;4.21.0&#8243; global_colors_info=&#8220;{}&#8220;][et_pb_row _builder_version=&#8220;4.21.0&#8243; background_size=&#8220;initial&#8220; background_position=&#8220;top_left&#8220; background_repeat=&#8220;repeat&#8220; global_colors_info=&#8220;{}&#8220;][et_pb_column type=&#8220;4_4&#8243; _builder_version=&#8220;4.16&#8243; custom_padding=&#8220;|||&#8220; global_colors_info=&#8220;{}&#8220; custom_padding__hover=&#8220;|||&#8220;][et_pb_text _builder_version=&#8220;4.24.2&#8243; background_size=&#8220;initial&#8220; background_position=&#8220;top_left&#8220; background_repeat=&#8220;repeat&#8220; global_colors_info=&#8220;{}&#8220;]<\/p>\n<h1><span style=\"font-size: 24px;\">Kegeln &#8211; Minden<\/span><\/h1>\n<table style=\"border-collapse: collapse; width: 96.5437%; height: 223px;\">\n<tbody>\n<tr style=\"height: 224px;\">\n<td style=\"width: 48.7805%; height: 224px;\"><strong><img loading=\"lazy\" decoding=\"async\" class=\"wp-image-6742 alignnone size-medium aligncenter\" src=\"https:\/\/www.bsg-edeka.de\/wp-content\/uploads\/2023\/06\/Neu_Neu_Kegeln_schwarz-300x71.png\" alt=\"\" width=\"300\" height=\"71\" \/><\/strong><\/td>\n<td style=\"width: 51.2195%; height: 224px;\">\n<p dir=\"ltr\"><strong><span style=\"font-size: 16px;\"><span style=\"font-family: arial, helvetica, sans-serif;\">Auf einen Blick:<\/span><\/span><\/strong><\/p>\n<div>\n<p><strong>Trainingszeit<\/strong>: Mittwochs 18:00 &#8211; 20:00 Uhr (ab 4 Kegler\/innen)<\/p>\n<p><strong>Ort:<\/strong> Gastst\u00e4tte,,R\u00e4ucherstube\u201d, Holzheide 11, 32469 Petershagen-Me\u00dflingen.<\/p>\n<p>Bei Interesse kontaktiere den Spartenleiter <strong>Peter<\/strong> <strong>Dr\u00e4bert<\/strong> (Tel.: 0571\/802-3701)<\/p>\n<\/div>\n<\/td>\n<\/tr>\n<\/tbody>\n<\/table>\n<div>\u00a0<\/div>\n<p>[\/et_pb_text][et_pb_text _builder_version=&#8220;4.22.2&#8243; background_size=&#8220;initial&#8220; background_position=&#8220;top_left&#8220; background_repeat=&#8220;repeat&#8220; global_colors_info=&#8220;{}&#8220;]<\/p>\n<p>&nbsp;<\/p>\n<p><span style=\"font-family: arial,helvetica,sans-serif; font-size: 20px;\"><strong>Geschichte<\/strong><\/span><\/p>\n<p><span style=\"font-size: 16px; font-family: arial,helvetica,sans-serif;\">Das Kegeln geh\u00f6rt zu den \u00e4ltesten und beliebtesten Freizeitsportarten.<\/span><\/p>\n<p>[\/et_pb_text][et_pb_divider _builder_version=&#8220;4.21.0&#8243; _module_preset=&#8220;default&#8220; global_colors_info=&#8220;{}&#8220;][\/et_pb_divider][et_pb_blog include_categories=&#8220;61&#8243; show_content=&#8220;on&#8220; _builder_version=&#8220;4.21.0&#8243; _module_preset=&#8220;default&#8220; background_color=&#8220;#FFFFFF&#8220; global_colors_info=&#8220;{}&#8220;][\/et_pb_blog][\/et_pb_column][\/et_pb_row][\/et_pb_section][et_pb_section fb_built=&#8220;1&#8243; _builder_version=&#8220;4.21.0&#8243; _module_preset=&#8220;default&#8220; global_colors_info=&#8220;{}&#8220;][et_pb_row _builder_version=&#8220;4.21.0&#8243; _module_preset=&#8220;default&#8220; global_colors_info=&#8220;{}&#8220;][et_pb_column type=&#8220;4_4&#8243; _builder_version=&#8220;4.21.0&#8243; _module_preset=&#8220;default&#8220; global_colors_info=&#8220;{}&#8220;][et_pb_image src=&#8220;https:\/\/www.bsg-edeka.de\/wp-content\/uploads\/2023\/06\/Neu_Kegeln_schwarz-300&#215;71-1.png&#8220; _builder_version=&#8220;4.21.0&#8243; _module_preset=&#8220;default&#8220; global_colors_info=&#8220;{}&#8220;][\/et_pb_image][\/et_pb_column][\/et_pb_row][\/et_pb_section]<\/p>\n","protected":false},"excerpt":{"rendered":"<p>Kegeln &#8211; Minden Auf einen Blick: Trainingszeit: Mittwochs 18:00 &#8211; 20:00 Uhr (ab 4 Kegler\/innen) Ort: Gastst\u00e4tte,,R\u00e4ucherstube\u201d, Holzheide 11, 32469 Petershagen-Me\u00dflingen. Bei Interesse kontaktiere den Spartenleiter Peter Dr\u00e4bert (Tel.: 0571\/802-3701) \u00a0&nbsp; Geschichte Das Kegeln geh\u00f6rt zu den \u00e4ltesten und beliebtesten Freizeitsportarten.<\/p>\n","protected":false},"author":5,"featured_media":0,"parent":0,"menu_order":0,"comment_status":"closed","ping_status":"closed","template":"","meta":{"_et_pb_use_builder":"on","_et_pb_old_content":"<p>\u00a0<\/p><p><img class=\"alignnone wp-image-5240 size-medium\" src=\"http:\/\/www.bsg-edeka.de\/wp-content\/uploads\/2019\/03\/peter-300x279.jpg\" alt=\"\" width=\"300\" height=\"279\" \/><a href=\"http:\/\/bsg-edeka.de\/wp-content\/uploads\/2014\/06\/Kegeln.jpg\"><img class=\"alignleft wp-image-836 size-medium\" src=\"http:\/\/2014.bsg-edeka.de\/wp-content\/uploads\/2014\/06\/Kegeln-300x225.jpg\" alt=\"\" width=\"300\" height=\"225\" \/><\/a><\/p><p dir=\"ltr\" style=\"text-align: center;\"><span style=\"font-size: 18pt; font-family: arial,helvetica,sans-serif;\">Auf einen Blick:<\/span><\/p><div style=\"text-align: center;\"><span style=\"font-family: arial,helvetica,sans-serif;\">\u00a0<span style=\"font-size: 10pt;\">Trainingszeiten: 17:00-19:00<\/span><\/span><\/div><div style=\"text-align: center;\"><span style=\"font-size: 10pt; font-family: arial,helvetica,sans-serif;\"> Gastst\u00e4tte,,R\u00e4ucherstube\" Holzheide 11, 32469 Petershagen-Me\u00dflingen. <\/span><\/div><div style=\"text-align: center;\"><span style=\"font-size: 10pt; font-family: arial,helvetica,sans-serif;\">Um zu erfahren an welchen Tagen das Training stattfindet<\/span><\/div><div style=\"text-align: center;\"><span style=\"font-size: 10pt; font-family: arial,helvetica,sans-serif;\">kontaktiere den Spartenleiter.<\/span><\/div><p>\u00a0<\/p><hr \/><p><span style=\"font-family: arial,helvetica,sans-serif; font-size: 20px;\"><strong>Geschichte<\/strong><\/span><\/p><p><span style=\"font-size: 16px; font-family: arial,helvetica,sans-serif;\">Das Kegeln geh\u00f6rt zu den \u00e4ltesten und beliebtesten Freizeitsportarten.<\/span><\/p><p><span style=\"font-size: 16px; font-family: arial,helvetica,sans-serif;\">Es findet seinen Ursprung in \u00c4gypten, wo man bereits 3500 v. Christus Teile eines Kinderspieles in seiner heutigen Form in einem Kindergrab entdeckte. Als Vorl\u00e4ufer des Kegelns kann man auch die damaligen Steinziel- und werfspiele ansehen.<\/span><br \/><span style=\"font-size: 16px; font-family: arial,helvetica,sans-serif;\"> In Europa entwickelten sich die Vorl\u00e4ufer des heutigen Kegelns erst im 12. Jahrhundert. Man spielte es als Gl\u00fccks- oder Wettspiel\u00a0und setzte hohe Betr\u00e4ge ein, was f\u00fcr manch einen Kegler den Ruin bedeutete. Es blieb nicht aus, dass es hierbei zu Gewaltt\u00e4tigkeiten und Betrug kam, sodass dessen Aus\u00fcbung unter Androhung von Gef\u00e4ngnis und Geldstrafen 1335 in Deutschland verboten wurde.<\/span><br \/><span style=\"font-size: 16px; font-family: arial,helvetica,sans-serif;\"> England zog nach und K\u00f6nig Eduard III. verbot das Kegeln bei Todesstrafe.<\/span><br \/><span style=\"font-size: 16px; font-family: arial,helvetica,sans-serif;\"> In Frankreich kam es 1454 zu Kegelverbot.<\/span><br \/><span style=\"font-size: 16px; font-family: arial,helvetica,sans-serif;\"> Erst im Jahre 1468 wurde in Deutschland das Kegelverbot bei einer Beschr\u00e4nkung des Einsatzes anl\u00e4sslich von Kirchweihen wieder zugelassen.<\/span><br \/><span style=\"font-size: 16px; font-family: arial,helvetica,sans-serif;\"> Nach zahlreichen Bilddokumenten und \u00dcberlieferungen aus dem 17. Jahrhundert gab es kaum ein Volksfest oder Kirchweih, bei denen nicht eine Kegelveranstaltung durchgef\u00fchrt wurde.<\/span><\/p><p><span style=\"font-size: 16px; font-family: arial,helvetica,sans-serif;\"><strong>Die erste offizielle Erw\u00e4hnung des Kegelns<\/strong> findet man in der Stadtchronik der Stadt Rothenburg im Jahre 1157.<\/span><br \/><span style=\"font-size: 16px; font-family: arial,helvetica,sans-serif;\"> 1265 schlossen sich die B\u00fcrger der Stadt Xanten und die Kanoniter des Stifts St. Victor zum \"fratres Kegelorum\" zusammen und bildeten nach heutigen Begriffen den ersten Kegelclub.<\/span><br \/><span style=\"font-size: 16px; font-family: arial,helvetica,sans-serif;\"> Ende des 16. Jahrhunderts verlor das Kegelspiel seinen schlechten Ruf als Wett- und Gl\u00fccksspiel\u00a0und wurde wieder als Unterhaltungsspiel zugelassen. Nicht zuletzt, weil auch der Hochadel und die Geistlichkeit das Kegel Spiel\u00a0entdeckte, was vorher nur f\u00fcr das gemeine Volk galt. Erste Regeln f\u00fcr das Kegelspiel stammen aus dem Jahre 1768.<\/span><\/p><p><span style=\"font-size: 16px; font-family: arial,helvetica,sans-serif;\">Anfang des <strong>19. Jahrhunderts wurden in Deutschland die ersten offiziellen Kegelclubs<\/strong> registriert.<\/span><br \/><span style=\"font-size: 16px;\"> <span style=\"font-family: arial,helvetica,sans-serif;\"> Durch W\u00fcrttembergische Auswanderer importierte sich das Kegelspiel im Jahre 1840 nach Amerika. Das Neunkegelspiel wurde jedoch wegen seiner Begleiterscheinungen (Wetten, Trinken, <\/span><span style=\"font-family: arial,helvetica,sans-serif;\">Gewaltt\u00e4tigkeiten, Betrug) vom Gouverneur von New York verboten. Daraufhin wurde das Kegelspiel 1868 ge\u00e4ndert und die amerikanische Variante \"Bowling\" (10-Kegel-Spiel) war erfunden.<\/span><\/span><\/p><p>\u00a0<\/p><hr \/><p>[posts-to-page cat_id=61]<span style=\"color: #333399;\"><br \/><\/span><\/p><p>\u00a0<\/p><p>\u00a0<\/p>","_et_gb_content_width":"","footnotes":""},"class_list":["post-474","page","type-page","status-publish","hentry"],"_links":{"self":[{"href":"https:\/\/www.bsg-edeka.de\/aktuelles\/wp-json\/wp\/v2\/pages\/474","targetHints":{"allow":["GET"]}}],"collection":[{"href":"https:\/\/www.bsg-edeka.de\/aktuelles\/wp-json\/wp\/v2\/pages"}],"about":[{"href":"https:\/\/www.bsg-edeka.de\/aktuelles\/wp-json\/wp\/v2\/types\/page"}],"author":[{"embeddable":true,"href":"https:\/\/www.bsg-edeka.de\/aktuelles\/wp-json\/wp\/v2\/users\/5"}],"replies":[{"embeddable":true,"href":"https:\/\/www.bsg-edeka.de\/aktuelles\/wp-json\/wp\/v2\/comments?post=474"}],"version-history":[{"count":4,"href":"https:\/\/www.bsg-edeka.de\/aktuelles\/wp-json\/wp\/v2\/pages\/474\/revisions"}],"predecessor-version":[{"id":7155,"href":"https:\/\/www.bsg-edeka.de\/aktuelles\/wp-json\/wp\/v2\/pages\/474\/revisions\/7155"}],"wp:attachment":[{"href":"https:\/\/www.bsg-edeka.de\/aktuelles\/wp-json\/wp\/v2\/media?parent=474"}],"curies":[{"name":"wp","href":"https:\/\/api.w.org\/{rel}","templated":true}]}}