{"id":4164,"date":"2017-10-08T10:57:36","date_gmt":"2017-10-08T08:57:36","guid":{"rendered":"http:\/\/www.bsg-edeka.de\/?page_id=4164"},"modified":"2025-04-28T08:36:55","modified_gmt":"2025-04-28T06:36:55","slug":"nordic-walken","status":"publish","type":"page","link":"https:\/\/www.bsg-edeka.de\/aktuelles\/nordic-walken\/","title":{"rendered":"Nordic Walking"},"content":{"rendered":"<p>[et_pb_section fb_built=&#8220;1&#8243; _builder_version=&#8220;4.21.0&#8243; global_colors_info=&#8220;{}&#8220;][et_pb_row _builder_version=&#8220;4.27.4&#8243; background_size=&#8220;initial&#8220; background_position=&#8220;top_left&#8220; background_repeat=&#8220;repeat&#8220; hover_enabled=&#8220;0&#8243; global_colors_info=&#8220;{}&#8220; sticky_enabled=&#8220;0&#8243;][et_pb_column type=&#8220;4_4&#8243; _builder_version=&#8220;4.16&#8243; custom_padding=&#8220;|||&#8220; global_colors_info=&#8220;{}&#8220; custom_padding__hover=&#8220;|||&#8220;][et_pb_text admin_label=&#8220;Posttitel&#8220; _builder_version=&#8220;4.27.4&#8243; background_size=&#8220;initial&#8220; background_position=&#8220;top_left&#8220; background_repeat=&#8220;repeat&#8220; hover_enabled=&#8220;0&#8243; global_colors_info=&#8220;{}&#8220; sticky_enabled=&#8220;0&#8243;]<\/p>\n<h1><span style=\"font-size: 24px;\">Nordic Walking &#8211; Minden<\/span><\/h1>\n<table style=\"border-collapse: collapse; width: 96.5437%; height: 223px;\">\n<tbody>\n<tr style=\"height: 224px;\">\n<td style=\"width: 48.7805%; height: 224px;\"><a href=\"https:\/\/www.bsg-edeka.de\/wp-content\/uploads\/2023\/10\/Pic-1.jpg\"><img loading=\"lazy\" decoding=\"async\" class=\"wp-image-6905 aligncenter\" src=\"https:\/\/www.bsg-edeka.de\/wp-content\/uploads\/2023\/10\/Pic-1-300x300.jpg\" alt=\"\" width=\"139\" height=\"139\" \/><\/a><\/td>\n<td style=\"width: 51.2195%; height: 224px;\">\n<p dir=\"ltr\"><span style=\"font-size: 16px;\"><strong><span style=\"font-family: arial, helvetica, sans-serif;\">Auf einen Blick:<\/span><\/strong><\/span><\/p>\n<div>\n<p><strong>Trainingszeit: <\/strong>immer Mittwochs um 17:00 Uhr<\/p>\n<p><strong>Ort:<\/strong> Parkplatz 1 auf dem Campus<\/p>\n<p>Ansprechpartner: <strong>Dirk Koch<\/strong>, Telefon: 0571\/802-865, Email: dirk.koch@minden.edeka.de<\/p>\n<\/div>\n<\/td>\n<\/tr>\n<\/tbody>\n<\/table>\n<div>\u00a0<\/div>\n<p>[\/et_pb_text][et_pb_text _builder_version=&#8220;4.27.4&#8243; background_size=&#8220;initial&#8220; background_position=&#8220;top_left&#8220; background_repeat=&#8220;repeat&#8220; hover_enabled=&#8220;0&#8243; global_colors_info=&#8220;{}&#8220; sticky_enabled=&#8220;0&#8243;]<\/p>\n<p><strong>\u00dcber die Sparte Nordic Walking<\/strong><\/p>\n<p>Seit Juli 2016 gibt es die Sparte bei der Betriebssportgemeinschaft der EDEKA.\u00a0Wir laufen ca. 1 Stunde in und um Minden herum. Es kann mit oder ohne St\u00f6cke gewalkt werden.\u00a0M\u00f6chtest du uns kennenlernen? Dann einfach mal melden.<\/p>\n<p>[\/et_pb_text][et_pb_divider _builder_version=&#8220;4.21.0&#8243; _module_preset=&#8220;default&#8220; global_colors_info=&#8220;{}&#8220;][\/et_pb_divider][et_pb_blog include_categories=&#8220;106&#8243; show_content=&#8220;on&#8220; _builder_version=&#8220;4.23&#8243; _module_preset=&#8220;default&#8220; background_color=&#8220;#FFFFFF&#8220; global_colors_info=&#8220;{}&#8220;][\/et_pb_blog][\/et_pb_column][\/et_pb_row][\/et_pb_section]<\/p>\n","protected":false},"excerpt":{"rendered":"<p>Nordic Walking &#8211; Minden Auf einen Blick: Trainingszeit: immer Mittwochs um 17:00 Uhr Ort: Parkplatz 1 auf dem Campus Ansprechpartner: Dirk Koch, Telefon: 0571\/802-865, Email: dirk.koch@minden.edeka.de \u00a0\u00dcber die Sparte Nordic Walking Seit Juli 2016 gibt es die Sparte bei der Betriebssportgemeinschaft der EDEKA.\u00a0Wir laufen ca. 1 Stunde in und um Minden herum. Es kann mit [&hellip;]<\/p>\n","protected":false},"author":21,"featured_media":0,"parent":0,"menu_order":0,"comment_status":"closed","ping_status":"closed","template":"","meta":{"_et_pb_use_builder":"on","_et_pb_old_content":"<h3>Neue Sparte Nordic Walking gegr\u00fcndet<\/h3><p><a href=\"http:\/\/www.bsg-edeka.de\/wp-content\/uploads\/2017\/10\/P1400725.jpg\"><img class=\"alignleft wp-image-4168 size-medium\" src=\"http:\/\/www.bsg-edeka.de\/wp-content\/uploads\/2017\/10\/P1400725-300x169.jpg\" alt=\"\" width=\"300\" height=\"169\" \/><\/a>Am 13.07.2016 fand das erste Training statt. Acht Personen \u2013 von der Anf\u00e4ngerin bis zur Expertin - haben sich getroffen und die erste Trainingsstunde zusammen verbracht.<\/p><p>Nach der Einweisung der Anf\u00e4ngerinnen \u2013 die sehr schnell mit der Technik vertraut waren \u2013 konnte die Gruppe unter Anleitung von Spartenleiter Peter Dammeier die erste kleine Runde drehen. Alle haben diese mit viel Spa\u00df, guter Unterhaltung und unabh\u00e4ngig von der Leistungsf\u00e4higkeit einzelner Personen absolviert.<\/p><p>Alle waren sich einig, dass die BSG Nordic Walking als fester Bestandteil der BSG EDEKA eingerichtet werden soll und freuen uns bereits auf das n\u00e4chste Zusammentreffen.<\/p><p>Treffpunkt ist der Parkplatz vor dem EDEKA-Geb\u00e4ude in der Kuhlenstra\u00dfe. Von dort aus geht es zum Aufw\u00e4rmen auf die andere Seite der Bastau und danach auf eine ca. 1-st\u00fcndige Runde durch das Naturschutzgebiet Bastauwiesen.<\/p><p>Eigene St\u00f6cke sind mitzubringen, die Faustregel f\u00fcr die korrekte Gr\u00f6\u00dfe ist: K\u00f6rpergr\u00f6\u00dfe x 0,65.<\/p><p>Bitte auch an Getr\u00e4nke und dem Wetter angepasste Kleidung bzw. Schutz denken.<\/p><p>Ansprechpartner:\u00a0\u00a0\u00a0 Angela Watermann<\/p><p>[posts-to-page cat_id=68]<\/p>","_et_gb_content_width":"","footnotes":""},"class_list":["post-4164","page","type-page","status-publish","hentry"],"_links":{"self":[{"href":"https:\/\/www.bsg-edeka.de\/aktuelles\/wp-json\/wp\/v2\/pages\/4164","targetHints":{"allow":["GET"]}}],"collection":[{"href":"https:\/\/www.bsg-edeka.de\/aktuelles\/wp-json\/wp\/v2\/pages"}],"about":[{"href":"https:\/\/www.bsg-edeka.de\/aktuelles\/wp-json\/wp\/v2\/types\/page"}],"author":[{"embeddable":true,"href":"https:\/\/www.bsg-edeka.de\/aktuelles\/wp-json\/wp\/v2\/users\/21"}],"replies":[{"embeddable":true,"href":"https:\/\/www.bsg-edeka.de\/aktuelles\/wp-json\/wp\/v2\/comments?post=4164"}],"version-history":[{"count":15,"href":"https:\/\/www.bsg-edeka.de\/aktuelles\/wp-json\/wp\/v2\/pages\/4164\/revisions"}],"predecessor-version":[{"id":7778,"href":"https:\/\/www.bsg-edeka.de\/aktuelles\/wp-json\/wp\/v2\/pages\/4164\/revisions\/7778"}],"wp:attachment":[{"href":"https:\/\/www.bsg-edeka.de\/aktuelles\/wp-json\/wp\/v2\/media?parent=4164"}],"curies":[{"name":"wp","href":"https:\/\/api.w.org\/{rel}","templated":true}]}}