{"id":381,"date":"2014-08-07T20:15:39","date_gmt":"2014-08-07T18:15:39","guid":{"rendered":"http:\/\/2014.bsg-edeka.de\/?page_id=381"},"modified":"2024-03-04T11:19:54","modified_gmt":"2024-03-04T10:19:54","slug":"fussballturnier-wiefelstede","status":"publish","type":"page","link":"https:\/\/www.bsg-edeka.de\/aktuelles\/betriebstaete\/fussball\/fussballturnier-wiefelstede\/","title":{"rendered":"Turnier Wiefelstede"},"content":{"rendered":"<p>[et_pb_section fb_built=&#8220;1&#8243; _builder_version=&#8220;4.16&#8243; global_colors_info=&#8220;{}&#8220;][et_pb_row _builder_version=&#8220;4.16&#8243; background_size=&#8220;initial&#8220; background_position=&#8220;top_left&#8220; background_repeat=&#8220;repeat&#8220; global_colors_info=&#8220;{}&#8220;][et_pb_column type=&#8220;4_4&#8243; _builder_version=&#8220;4.16&#8243; custom_padding=&#8220;|||&#8220; global_colors_info=&#8220;{}&#8220; custom_padding__hover=&#8220;|||&#8220;][et_pb_text _builder_version=&#8220;4.24.2&#8243; _module_preset=&#8220;default&#8220; global_colors_info=&#8220;{}&#8220;]<\/p>\n<h1><span style=\"font-size: 24px;\">Fu\u00dfball-Kleinfeldturnier Wiefelstede<\/span><\/h1>\n<table style=\"border-collapse: collapse; width: 100%;\">\n<tbody>\n<tr>\n<td style=\"width: 50%;\"><img loading=\"lazy\" decoding=\"async\" class=\"wp-image-7127 alignnone size-medium aligncenter\" src=\"https:\/\/www.bsg-edeka.de\/wp-content\/uploads\/2024\/03\/MicrosoftTeams-image-2-300x260.png\" alt=\"\" width=\"300\" height=\"260\" srcset=\"https:\/\/www.bsg-edeka.de\/wp-content\/uploads\/2024\/03\/MicrosoftTeams-image-2-300x260.png 300w, https:\/\/www.bsg-edeka.de\/wp-content\/uploads\/2024\/03\/MicrosoftTeams-image-2.png 365w\" sizes=\"(max-width: 300px) 100vw, 300px\" \/><\/td>\n<td style=\"width: 50%;\"><span style=\"font-size: 16px;\"><strong>Auf einen Blick:\u00a0<\/strong><\/span><br \/><span style=\"font-size: 16px;\">j\u00e4hrlich im Sommer<\/span><br \/><span style=\"font-size: 16px;\">Ansprechpartner: Monika Lehmann (Tel.: 0441 97015933)<\/span><\/td>\n<\/tr>\n<\/tbody>\n<\/table>\n<p>[\/et_pb_text][\/et_pb_column][\/et_pb_row][\/et_pb_section][et_pb_section fb_built=&#8220;1&#8243; _builder_version=&#8220;4.16&#8243; global_colors_info=&#8220;{}&#8220;][et_pb_row _builder_version=&#8220;4.16&#8243; background_size=&#8220;initial&#8220; background_position=&#8220;top_left&#8220; background_repeat=&#8220;repeat&#8220; global_colors_info=&#8220;{}&#8220;][et_pb_column type=&#8220;4_4&#8243; _builder_version=&#8220;4.16&#8243; custom_padding=&#8220;|||&#8220; global_colors_info=&#8220;{}&#8220; custom_padding__hover=&#8220;|||&#8220;][et_pb_blog include_categories=&#8220;87&#8243; _builder_version=&#8220;4.24.2&#8243; hover_enabled=&#8220;0&#8243; saved_tabs=&#8220;all&#8220; global_colors_info=&#8220;{}&#8220; background_color=&#8220;RGBA(255,255,255,0)&#8220; sticky_enabled=&#8220;0&#8243;][\/et_pb_blog][\/et_pb_column][\/et_pb_row][\/et_pb_section]<\/p>\n","protected":false},"excerpt":{"rendered":"<p>Fu\u00dfball-Kleinfeldturnier Wiefelstede Auf einen Blick:\u00a0j\u00e4hrlich im SommerAnsprechpartner: Monika Lehmann (Tel.: 0441 97015933)<\/p>\n","protected":false},"author":5,"featured_media":0,"parent":45,"menu_order":0,"comment_status":"closed","ping_status":"closed","template":"","meta":{"_et_pb_use_builder":"on","_et_pb_old_content":"<p>\u00a0<\/p><hr \/><p>\u00a0<\/p><p><a href=\"http:\/\/bsg-edeka.de\/wp-content\/uploads\/2014\/08\/fussball-turnier.jpg\"><img class=\"alignright wp-image-430\" src=\"http:\/\/2014.bsg-edeka.de\/wp-content\/uploads\/2014\/08\/fussball-turnier-300x285.jpg\" alt=\"fussball turnier\" width=\"246\" height=\"234\" \/><\/a><a href=\"http:\/\/bsg-edeka.de\/wp-content\/uploads\/2014\/06\/Fussball1.jpg\"><img class=\"alignleft wp-image-843 size-medium\" src=\"http:\/\/2014.bsg-edeka.de\/wp-content\/uploads\/2014\/06\/Fussball1-300x225.jpg\" alt=\"\" width=\"300\" height=\"225\" \/><\/a><\/p><p dir=\"ltr\" style=\"text-align: center;\"><span style=\"color: #333399; font-size: 18pt; font-family: arial,helvetica,sans-serif;\">Auf einen Blick:<\/span><\/p><p dir=\"ltr\" style=\"text-align: center;\"><span style=\"color: #333399; font-size: 18pt;\"><span style=\"font-size: 10pt; font-family: arial,helvetica,sans-serif;\">Traditionsturnier am Standort Wiefelstede<\/span><br \/><\/span><\/p><p>\u00a0<\/p><p>\u00a0<\/p><p>\u00a0<\/p><p>\u00a0<\/p><p>\u00a0<\/p><p>\u00a0<\/p><p>\u00a0<\/p><p>\u00a0<\/p><p>\u00a0<\/p><hr \/><p>\u00a0<\/p><p><span style=\"color: #333399; font-size: 14pt;\">Fu\u00dfball Turnier 2017<\/span><\/p><p>\u00a0<\/p><p>\u00a0<\/p><p><span style=\"color: #333399;\">Datei Download:-<\/span><\/p><p><span style=\"color: #333399;\"><a href=\"http:\/\/bsg-edeka.de\/wp-content\/uploads\/2014\/08\/Spielplan-Fu\u00dfballturnier-2017b-mit-Ergebnissen.xlsm\"><span style=\"color: #333399;\">Spielplan Fu\u00dfballturnier 2017b<\/span> <span style=\"color: #333399;\">mit<\/span> <span style=\"color: #333399;\">Ergebnissen<\/span><\/a><\/span><\/p><p>\u00a0<\/p><p>\u00a0<\/p><p>\u00a0<\/p><p>\u00a0<\/p><p>\u00a0<\/p><p>\u00a0<\/p><p>\u00a0<\/p><hr \/><p>\u00a0<\/p><p><span style=\"font-size: 14pt;\"><span style=\"color: #333399;\">Fu\u00dfball Turnier 2016<\/span><span style=\"font-family: sans-serif; color: #333399;\"><br \/><\/span><\/span><\/p><p><span style=\"color: #333399; font-size: 14pt;\">Bereits zum dritten Mal fand das Traditionsturnier auf dem Sportplatz des TUS Wahnbek statt. Bei bestem Wetter wurden die Spiele ausgetragen, was insbesondere die Organisatoren erfreute.<\/span><\/p><p><span style=\"color: #333399;\">\u00a0<\/span><\/p><p><span style=\"color: #333399; font-size: 10pt;\">Wiederholt durfte die EDEKA das tolle Gel\u00e4nde des TUS Wahnbek nutzen. Wie im Vorjahr nahmen 29 Mannschaften an dem Turnier teil, davon 12 neue. Die weiteste Anreise hatten die beiden Mannschaften aus Berlin. Dicht gefolgt von den Kollegen aus Osterweddingen.<\/span><\/p><p><span style=\"color: #333399; font-size: 10pt;\">Die Organisatoren Monika Lehmann, Andrea Kreye, Tim Lenk und Aleksandr Otto hatten zu dem bekannten kulinarischen Angebot, dieses Mal als besonderes Highlight eine Eismaschine mit Softeis im Angebot. Das Fleisch wurde auf einem gro\u00dfen Schwenkgrill zubereitet. Die flei\u00dfigen Helfer vom TUS Wahnbek und aber auch das Orgateam, sorgten f\u00fcr einen reibungslosen Nachschub an Essen und Getr\u00e4nken. F\u00fcr die kleinen G\u00e4ste sorgte die Mega Fu\u00dfball H\u00fcpfburg f\u00fcr viel Spa\u00df am Nachmittag.<\/span><\/p><p><span style=\"color: #333399; font-size: 10pt;\">Die ersten drei Pl\u00e4tze wurden mit einem tollen Pokal belohnt. Der dritte Platz ging an die Mannschaft \u201e1. FC Steen\u201c vom E-Center Steen, den zweiten Platz belegten die Sieger aus dem Vorjahr \u201eDie Spritzigen Spitzohren\u201c vom WE Wechloy am Lagerstandort in Oldenburg und der erste Platz ging an das Team \u201ePink Pantherz\u201c von der RWG Ammerland Ostfriesland.<\/span><\/p><p><span style=\"color: #333399; font-size: 10pt;\">Die gro\u00dfe Freude vom Sieger bekam auch Monika Lehmann vom Orgateam zu sp\u00fcren, wie in der Formel Eins gab es eine Champagner Dusche.<\/span><\/p><p><span style=\"color: #333399; font-size: 10pt;\">In diesem Jahr wurde nach dem Turnier noch ausgiebig bei Musik und diversen Getr\u00e4nken gefeiert. Einige der Teilnehmer konnten die V\u00f6gel dann noch h\u00f6chst pers\u00f6nlich begr\u00fc\u00dfen. Auch im n\u00e4chsten Jahr wollen alle wieder mit dabei sein!<\/span><\/p><p><span style=\"color: #333399; font-size: 10pt;\">Ein Riesen Dank gilt wieder den flei\u00dfigen freiwilligen Helfern von der \u00dc-40 vom TuS Wahnbek ohne die das Turnier nicht m\u00f6glich w\u00e4re.<\/span><\/p><p>\u00a0<\/p><table style=\"height: 183px; width: 1020px;\"><tbody><tr><td style=\"width: 64px;\">\u00a0<\/td><td style=\"width: 63px;\">\u00a0<\/td><td style=\"width: 712px; text-align: center;\" colspan=\"2\"><span style=\"color: #333399;\">Viertelfinale<\/span><\/td><td style=\"width: 151px;\">\u00a0<\/td><\/tr><tr><td style=\"width: 64px; text-align: center;\"><span style=\"color: #333399;\">Anpfiff<\/span><\/td><td style=\"width: 63px; text-align: center;\"><span style=\"color: #333399;\">Spiel Nr.<\/span><\/td><td style=\"width: 353px; text-align: center;\"><span style=\"color: #333399;\">Heim<\/span><\/td><td style=\"width: 359px; text-align: center;\"><span style=\"color: #333399;\">Gast<\/span><\/td><td style=\"width: 151px; text-align: center;\"><span style=\"color: #333399;\">Ergebnis<\/span><\/td><\/tr><tr><td style=\"width: 64px;\">\u00a0<\/td><td style=\"width: 63px;\"><span style=\"color: #333399;\">106<\/span><\/td><td style=\"width: 353px;\"><span style=\"color: #333399;\">1. Gruppe 1:\u00a0Inkoop Team<\/span><\/td><td style=\"width: 359px;\"><span style=\"color: #333399;\">2. Gruppe 2:\u00a0Die Spritzigen Spitzohren<\/span><\/td><td style=\"width: 151px; text-align: center;\"><span style=\"color: #333399;\">0 : 1<\/span><\/td><\/tr><tr><td style=\"width: 64px;\">\u00a0<\/td><td style=\"width: 63px;\"><span style=\"color: #333399;\">107<\/span><\/td><td style=\"width: 353px;\"><span style=\"color: #333399;\">1. Gruppe 2:\u00a01. FC Stehen<\/span><\/td><td style=\"width: 359px;\"><span style=\"color: #333399;\">2. Gruppe 1:\u00a0EDEKA Osterweddingen<\/span><\/td><td style=\"width: 151px; text-align: center;\"><span style=\"color: #333399;\">3 : 0<\/span><\/td><\/tr><tr><td style=\"width: 64px;\">\u00a0<\/td><td style=\"width: 63px;\"><span style=\"color: #333399;\">108<\/span><\/td><td style=\"width: 353px;\"><span style=\"color: #333399;\">1. Gruppe 3:\u00a0Pink Pantherz<\/span><\/td><td style=\"width: 359px;\"><span style=\"color: #333399;\">2. Gruppe 4:\u00a0Mios Weyhe<\/span><\/td><td style=\"width: 151px; text-align: center;\"><span style=\"color: #333399;\">7 : 0<\/span><\/td><\/tr><tr><td style=\"width: 64px;\">\u00a0<\/td><td style=\"width: 63px;\"><span style=\"color: #333399;\">109<\/span><\/td><td style=\"width: 353px;\"><span style=\"color: #333399;\">1. Gruppe 4:\u00a0Blumenthaler Kickers<\/span><\/td><td style=\"width: 359px;\"><span style=\"color: #333399;\">2. Gruppe 3:\u00a0Berliner Edekaner<\/span><\/td><td style=\"width: 151px; text-align: center;\"><span style=\"color: #333399;\">2 : 1<\/span><\/td><\/tr><\/tbody><\/table><p>\u00a0<\/p><table style=\"height: 144px; width: 1018px;\"><tbody><tr><td style=\"width: 62px; text-align: center;\">\u00a0<\/td><td style=\"width: 67px; text-align: center;\">\u00a0<\/td><td style=\"width: 713px; text-align: center;\" colspan=\"2\"><span style=\"color: #333399;\">Halbfinale<\/span><\/td><td style=\"width: 148px; text-align: center;\">\u00a0<\/td><\/tr><tr><td style=\"width: 62px; text-align: center;\"><span style=\"color: #333399;\">Anpfiff<\/span><\/td><td style=\"width: 67px; text-align: center;\"><span style=\"color: #333399;\">Spiel Nr.<\/span><\/td><td style=\"width: 352px; text-align: center;\"><span style=\"color: #333399;\">Heim<\/span><\/td><td style=\"width: 355px; text-align: center;\"><span style=\"color: #333399;\">Gast<\/span><\/td><td style=\"width: 148px; text-align: center;\"><span style=\"color: #333399;\">Ergebnis<\/span><\/td><\/tr><tr><td style=\"width: 62px;\">\u00a0<\/td><td style=\"width: 67px;\"><span style=\"color: #333399;\">110<\/span><\/td><td style=\"width: 352px;\"><span style=\"color: #333399;\">Sieger Spiel 106:\u00a0Die Spritzigen Spitzohren<\/span><\/td><td style=\"width: 355px;\"><span style=\"color: #333399;\">Sieger Spiel 107:\u00a0<\/span><span style=\"color: #333399;\">1. FC Stehen<\/span><\/td><td style=\"width: 148px; text-align: center;\"><span style=\"color: #333399;\">1 : 0<\/span><\/td><\/tr><tr><td style=\"width: 62px;\">\u00a0<\/td><td style=\"width: 67px;\"><span style=\"color: #333399;\">111<\/span><\/td><td style=\"width: 352px;\"><span style=\"color: #333399;\">Sieger Spiel 108:\u00a0Pink Pantherz<\/span><\/td><td style=\"width: 355px;\"><span style=\"color: #333399;\">Sieger Spiel 109:\u00a0Blumenthaler Kickers<\/span><\/td><td style=\"width: 148px; text-align: center;\"><span style=\"color: #333399;\">1 : 0<\/span><\/td><\/tr><\/tbody><\/table><p>\u00a0<\/p><table style=\"width: 1005px; height: 68px;\"><tbody><tr><td style=\"width: 59px; text-align: center;\">\u00a0<\/td><td style=\"width: 74px; text-align: center;\">\u00a0<\/td><td style=\"width: 706px; text-align: center;\" colspan=\"2\"><span style=\"color: #333399;\">Kleines Finale<\/span><\/td><td style=\"width: 142px; text-align: center;\">\u00a0<\/td><\/tr><tr><td style=\"width: 59px; text-align: center;\"><span style=\"color: #333399;\">Anpfiff<\/span><\/td><td style=\"width: 74px; text-align: center;\"><span style=\"color: #333399;\">Spiel Nr.<\/span><\/td><td style=\"width: 353px; text-align: center;\"><span style=\"color: #333399;\">Heim<\/span><\/td><td style=\"width: 353px; text-align: center;\"><span style=\"color: #333399;\">Gast<\/span><\/td><td style=\"width: 142px; text-align: center;\"><span style=\"color: #333399;\">Ergebnis<\/span><\/td><\/tr><tr><td style=\"width: 59px;\">\u00a0<\/td><td style=\"width: 74px;\"><span style=\"color: #333399;\">112<\/span><\/td><td style=\"width: 353px;\"><span style=\"color: #333399;\">Verlierer Spiel 110:\u00a01. FC Stehen<\/span><\/td><td style=\"width: 353px;\"><span style=\"color: #333399;\">Verlierer Spiel 111:\u00a0Blumenthaler Kickers<\/span><\/td><td style=\"width: 142px; text-align: center;\"><span style=\"color: #333399;\">2 : 1<\/span><\/td><\/tr><\/tbody><\/table><p>\u00a0<\/p><table style=\"height: 75px; width: 1005px;\"><tbody><tr><td style=\"width: 57px; text-align: center;\">\u00a0<\/td><td style=\"width: 78px; text-align: center;\">\u00a0<\/td><td style=\"width: 706px; text-align: center;\" colspan=\"2\"><span style=\"color: #333399;\">Finale<\/span><\/td><td style=\"width: 138px; text-align: center;\">\u00a0<\/td><\/tr><tr><td style=\"width: 57px; text-align: center;\"><span style=\"color: #333399;\">Anpfiff<\/span><\/td><td style=\"width: 78px; text-align: center;\"><span style=\"color: #333399;\">Spiel Nr.<\/span><\/td><td style=\"width: 347px; text-align: center;\"><span style=\"color: #333399;\">Heim<\/span><\/td><td style=\"width: 359px; text-align: center;\"><span style=\"color: #333399;\">Gast<\/span><\/td><td style=\"width: 138px; text-align: center;\"><span style=\"color: #333399;\">Ergebnis<\/span><\/td><\/tr><tr><td style=\"width: 57px;\">\u00a0<\/td><td style=\"width: 78px;\"><span style=\"color: #333399;\">113<\/span><\/td><td style=\"width: 347px;\"><span style=\"color: #333399;\">Sieger Spiel 110:\u00a0Die Spritzigen Spitzohren<\/span><\/td><td style=\"width: 359px;\"><span style=\"color: #333399;\">Sieger Spiel 111:\u00a0Pink Pantherz<\/span><\/td><td style=\"width: 138px; text-align: center;\"><span style=\"color: #333399;\">1 : 2<\/span><\/td><\/tr><\/tbody><\/table><p>\u00a0<\/p><table style=\"width: 1012px; height: 66px;\"><tbody><tr style=\"height: 49px;\"><td style=\"width: 1002px; height: 49px; text-align: center;\" colspan=\"5\"><span style=\"color: #333399;\">Sieger 2016:<\/span><\/td><\/tr><tr style=\"height: 49px;\"><td style=\"width: 1002px; height: 49px; text-align: center;\" colspan=\"5\"><strong><span style=\"color: #333399; font-size: 14pt;\">Pink Pantherz<\/span><\/strong><\/td><\/tr><\/tbody><\/table><p>\u00a0<\/p><p>\u00a0<\/p><p>\u00a0<\/p><p>\u00a0<\/p><hr \/><p>\u00a0<\/p><p><span style=\"color: #333399; font-size: 14pt;\">Fu\u00dfball Turnier 2015<\/span><\/p><p><span style=\"color: #333399; font-size: 10pt;\">So sehen Sieger aus\u2026.<\/span><\/p><p><span style=\"color: #333399; font-size: 10pt;\">Das Traditionsturnier des Standortes Nordwest fand bei besten Wetterbedingungen auf dem Kunstrasenplatz des TuS Wahnbek statt. Das erfreute die Organisatoren genauso, wie die Spieler und Zuschauer.<\/span><\/p><p><span style=\"color: #333399; font-size: 10pt;\">Das Turnier fand zum zweiten Mal beim TuS Wahnbek auf dem Sportplatz in Rastede\/Wahnbek statt. Nach dem durchweg positiven Deb\u00fct im Vorjahr wurde die Edeka gerne wieder Willkommen gehei\u00dfen.<\/span><br \/><span style=\"color: #333399; font-size: 10pt;\"> Der Wettergott meinte es in diesem Jahr ausgesprochen gut mit den Organisatoren: man blieb vom Regen verschont und konnte durchg\u00e4ngig die Sonne genie\u00dfen.<\/span><br \/><span style=\"color: #333399; font-size: 10pt;\"> Am Turnier nahmen 29 Mannschaften aus allen Bereichen der EDEKA Minden-Hannover teil. Einige der Mannschaften nahmen einen weiten Anfahrtsweg gerne in Kauf, um an diesem Turnier teilzunehmen.<\/span><br \/><span style=\"color: #333399; font-size: 10pt;\"> Die Organisatoren Monika Lehmann, Andrea Kreye, Tim Lenk und J\u00f6rg Brundiers haben wieder f\u00fcr ein tolles kulinarisches Angebot gesorgt und f\u00fcr einen reibungslosen Ablauf wurde sich ins Zeug gelegt.<\/span><\/p><p><span style=\"color: #333399; font-size: 10pt;\">Die ersten drei Pl\u00e4tze wurden mit einem tollen Pokal belohnt. Platz drei belegte die Mannschaft \u201ePink Pantherz\u201c von der RWG Ammerland Ostfriesland. Im Finale standen sich die Mannschaften \u201eWE Wechloy\u201c vom Lagerstandort in Oldenburg und \u201eSV Torgarantie Minden\u201c von der Personalentwicklung gegen\u00fcber. Die Zuschauer fieberten lautstark f\u00fcr Ihren Favoriten mit! Als Sieger aus dieser Partie gingen die Kollegen des \u201eWE Wechloy\u201c hervor.<\/span><\/p><p><span style=\"color: #333399; font-size: 10pt;\">Das Orga-Team ber\u00fccksichtigte gerne den Wunsch der \u201ePink Pantherz\u201c nach einer Bierdusche bei der Pokal\u00fcbergabe zum dritten Platz.<\/span><br \/><span style=\"color: #333399; font-size: 10pt;\"> Dabei kamen auch einige Organisatoren und Schiris nicht trocken davon. Die Sieger des Platz 1 schlossen sich gerne an und duschten mit.<\/span><\/p><p><span style=\"color: #333399; font-size: 10pt;\">Die Teilnehmer waren durch und durch begeistert von dem tollen Ambiente des Gel\u00e4ndes und der ausgelassenen Stimmung auf dem Turnier. Alle versicherten: Wir sind auch im n\u00e4chsten Jahr dabei!<\/span><br \/><span style=\"color: #333399; font-size: 10pt;\"> Ein Riesen Dank gilt wieder den flei\u00dfigen freiwilligen Helfern von der \u00dc-40 vom TuS Wahnbek ohne die das Turnier nicht m\u00f6glich w\u00e4re.<\/span><\/p><p><span style=\"color: #333399; font-size: 10pt;\">Andrea Kreye\/Monika Lehmann<\/span><\/p><p style=\"text-align: left;\"><span style=\"font-family: arial,helvetica,sans-serif;\">\u00a0\u00a0\u00a0\u00a0\u00a0\u00a0\u00a0\u00a0\u00a0\u00a0\u00a0\u00a0\u00a0\u00a0\u00a0\u00a0\u00a0\u00a0\u00a0\u00a0\u00a0\u00a0\u00a0\u00a0\u00a0\u00a0\u00a0\u00a0\u00a0\u00a0\u00a0\u00a0\u00a0\u00a0\u00a0\u00a0\u00a0\u00a0\u00a0\u00a0\u00a0\u00a0\u00a0\u00a0\u00a0\u00a0\u00a0\u00a0\u00a0\u00a0\u00a0\u00a0\u00a0\u00a0\u00a0\u00a0\u00a0\u00a0\u00a0\u00a0\u00a0\u00a0\u00a0\u00a0\u00a0\u00a0\u00a0\u00a0\u00a0\u00a0\u00a0\u00a0\u00a0\u00a0\u00a0\u00a0\u00a0\u00a0\u00a0\u00a0\u00a0\u00a0\u00a0\u00a0\u00a0\u00a0\u00a0\u00a0\u00a0\u00a0\u00a0\u00a0\u00a0\u00a0\u00a0\u00a0\u00a0\u00a0\u00a0\u00a0\u00a0\u00a0\u00a0\u00a0\u00a0\u00a0\u00a0\u00a0\u00a0\u00a0\u00a0\u00a0\u00a0\u00a0\u00a0\u00a0\u00a0\u00a0\u00a0\u00a0\u00a0\u00a0\u00a0\u00a0\u00a0\u00a0\u00a0\u00a0\u00a0\u00a0\u00a0\u00a0\u00a0\u00a0\u00a0\u00a0\u00a0\u00a0\u00a0\u00a0\u00a0\u00a0\u00a0\u00a0\u00a0\u00a0\u00a0\u00a0\u00a0\u00a0\u00a0\u00a0\u00a0\u00a0\u00a0\u00a0\u00a0\u00a0\u00a0\u00a0\u00a0<\/span><\/p>","_et_gb_content_width":"","footnotes":""},"class_list":["post-381","page","type-page","status-publish","hentry"],"_links":{"self":[{"href":"https:\/\/www.bsg-edeka.de\/aktuelles\/wp-json\/wp\/v2\/pages\/381","targetHints":{"allow":["GET"]}}],"collection":[{"href":"https:\/\/www.bsg-edeka.de\/aktuelles\/wp-json\/wp\/v2\/pages"}],"about":[{"href":"https:\/\/www.bsg-edeka.de\/aktuelles\/wp-json\/wp\/v2\/types\/page"}],"author":[{"embeddable":true,"href":"https:\/\/www.bsg-edeka.de\/aktuelles\/wp-json\/wp\/v2\/users\/5"}],"replies":[{"embeddable":true,"href":"https:\/\/www.bsg-edeka.de\/aktuelles\/wp-json\/wp\/v2\/comments?post=381"}],"version-history":[{"count":6,"href":"https:\/\/www.bsg-edeka.de\/aktuelles\/wp-json\/wp\/v2\/pages\/381\/revisions"}],"predecessor-version":[{"id":7138,"href":"https:\/\/www.bsg-edeka.de\/aktuelles\/wp-json\/wp\/v2\/pages\/381\/revisions\/7138"}],"up":[{"embeddable":true,"href":"https:\/\/www.bsg-edeka.de\/aktuelles\/wp-json\/wp\/v2\/pages\/45"}],"wp:attachment":[{"href":"https:\/\/www.bsg-edeka.de\/aktuelles\/wp-json\/wp\/v2\/media?parent=381"}],"curies":[{"name":"wp","href":"https:\/\/api.w.org\/{rel}","templated":true}]}}