{"id":288,"date":"2014-07-30T16:05:34","date_gmt":"2014-07-30T14:05:34","guid":{"rendered":"http:\/\/2014.bsg-edeka.de\/?page_id=288"},"modified":"2026-04-15T11:07:39","modified_gmt":"2026-04-15T09:07:39","slug":"formulare-logo","status":"publish","type":"page","link":"https:\/\/www.bsg-edeka.de\/aktuelles\/kontakt\/formulare-logo\/","title":{"rendered":"Formulare + Logo"},"content":{"rendered":"<p>&nbsp;<\/p>\n<table style=\"height: 127px; width: 610px;\">\n<tbody>\n<tr>\n<td style=\"width: 290.95px;\"><a href=\"http:\/\/bsg-edeka.de\/wp-content\/uploads\/2015\/03\/Satzung_20150305.pdf\" target=\"_blank\" rel=\"noopener\">Satzung<\/a><\/td>\n<td style=\"width: 302.05px;\"><\/td>\n<\/tr>\n<tr>\n<td style=\"width: 290.95px;\"><a title=\"Beitrittserkl\u00e4rung\" href=\"http:\/\/bsg-edeka.de\/wp-content\/uploads\/beitrittserklaerung.xlsx\" target=\"_blank\" rel=\"noopener\">Beitrittserkl\u00e4rung (Excel)<\/a><\/td>\n<td style=\"width: 302.05px;\"><a title=\"Beitrittserkl\u00e4rung\" href=\"http:\/\/bsg-edeka.de\/wp-content\/uploads\/beitrittserklaerung.pdf\" target=\"_blank\" rel=\"noopener\">Beitrittserkl\u00e4rung (PDF)<\/a><\/td>\n<\/tr>\n<tr>\n<td style=\"width: 290.95px;\"><a href=\"http:\/\/www.bsg-edeka.de\/wp-content\/uploads\/datenschutzerklaerung-bsg-edeka.xlsx\" target=\"_blank\" rel=\"noopener\">Datenschutzerkl\u00e4rung f\u00fcr Mitglieder (Excel)<\/a><\/td>\n<td style=\"width: 302.05px;\"><a href=\"http:\/\/www.bsg-edeka.de\/wp-content\/uploads\/datenschutzerklaerung-bsg-edeka.pdf\" target=\"_blank\" rel=\"noopener\">Datenschutzerkl\u00e4rung f\u00fcr Mitglieder (PDF)<\/a><\/td>\n<\/tr>\n<\/tbody>\n<\/table>\n<p>&nbsp;<\/p>\n<p>_________________________________________________________________________________________________________________________________________________________<\/p>\n<p><span style=\"color: #333399; font-size: 14pt;\">Logo:-<\/span><\/p>\n<p><a href=\"https:\/\/www.bsg-edeka.de\/wp-content\/uploads\/2024\/04\/BSG-Logo-512.png\"><img loading=\"lazy\" decoding=\"async\" class=\"alignleft wp-image-7174 size-thumbnail\" src=\"https:\/\/www.bsg-edeka.de\/wp-content\/uploads\/2024\/04\/BSG-Logo-512-150x150.png\" alt=\"BSG-Logo-100mm-dr-02-4c.eps\" width=\"150\" height=\"150\" \/><\/a><\/p>\n<p>&nbsp;<\/p>\n<p>&nbsp;<\/p>\n<p>&nbsp;<\/p>\n<p>&nbsp;<\/p>\n<p><a href=\"http:\/\/bsg-edeka.de\/wp-content\/uploads\/2024\/06\/BSG-Logo-100mm-dr-02-4c.eps\" target=\"_blank\" rel=\"noopener\">http:\/\/bsg-edeka.de\/wp-content\/uploads\/2024\/06\/BSG-Logo-100mm-dr-02-4c.eps<\/a><\/p>\n<p><a href=\"http:\/\/bsg-edeka.de\/wp-content\/uploads\/2024\/06\/BSG-Logo-100mm-dr-02-4c.png\" target=\"_blank\" rel=\"noopener\">http:\/\/bsg-edeka.de\/wp-content\/uploads\/2024\/06\/BSG-Logo-100mm-dr-02-4c.png<\/a><\/p>\n<p>&nbsp;<\/p>\n<p><a href=\"http:\/\/bsg-edeka.de\/wp-content\/uploads\/2024\/06\/BSG-Logo-100mm-dr-02-4c-negativ.eps\" target=\"_blank\" rel=\"noopener\">http:\/\/bsg-edeka.de\/wp-content\/uploads\/2024\/06\/BSG-Logo-100mm-dr-02-4c-negativ.eps<\/a><\/p>\n<p><a href=\"http:\/\/bsg-edeka.de\/wp-content\/uploads\/2024\/06\/BSG-Logo-100mm-dr-02-4c-negativ.png\" target=\"_blank\" rel=\"noopener\">http:\/\/bsg-edeka.de\/wp-content\/uploads\/2024\/06\/BSG-Logo-100mm-dr-02-4c-negativ.png<\/a><\/p>\n<p>&nbsp;<\/p>\n","protected":false},"excerpt":{"rendered":"<p>&nbsp; Satzung Beitrittserkl\u00e4rung (Excel) Beitrittserkl\u00e4rung (PDF) Datenschutzerkl\u00e4rung f\u00fcr Mitglieder (Excel) Datenschutzerkl\u00e4rung f\u00fcr Mitglieder (PDF) &nbsp; _________________________________________________________________________________________________________________________________________________________ Logo:- &nbsp; &nbsp; &nbsp; &nbsp; http:\/\/bsg-edeka.de\/wp-content\/uploads\/2024\/06\/BSG-Logo-100mm-dr-02-4c.eps http:\/\/bsg-edeka.de\/wp-content\/uploads\/2024\/06\/BSG-Logo-100mm-dr-02-4c.png &nbsp; http:\/\/bsg-edeka.de\/wp-content\/uploads\/2024\/06\/BSG-Logo-100mm-dr-02-4c-negativ.eps http:\/\/bsg-edeka.de\/wp-content\/uploads\/2024\/06\/BSG-Logo-100mm-dr-02-4c-negativ.png &nbsp;<\/p>\n","protected":false},"author":5,"featured_media":0,"parent":66,"menu_order":0,"comment_status":"closed","ping_status":"closed","template":"","meta":{"_et_pb_use_builder":"","_et_pb_old_content":"","_et_gb_content_width":"","footnotes":""},"class_list":["post-288","page","type-page","status-publish","hentry"],"_links":{"self":[{"href":"https:\/\/www.bsg-edeka.de\/aktuelles\/wp-json\/wp\/v2\/pages\/288","targetHints":{"allow":["GET"]}}],"collection":[{"href":"https:\/\/www.bsg-edeka.de\/aktuelles\/wp-json\/wp\/v2\/pages"}],"about":[{"href":"https:\/\/www.bsg-edeka.de\/aktuelles\/wp-json\/wp\/v2\/types\/page"}],"author":[{"embeddable":true,"href":"https:\/\/www.bsg-edeka.de\/aktuelles\/wp-json\/wp\/v2\/users\/5"}],"replies":[{"embeddable":true,"href":"https:\/\/www.bsg-edeka.de\/aktuelles\/wp-json\/wp\/v2\/comments?post=288"}],"version-history":[{"count":10,"href":"https:\/\/www.bsg-edeka.de\/aktuelles\/wp-json\/wp\/v2\/pages\/288\/revisions"}],"predecessor-version":[{"id":8312,"href":"https:\/\/www.bsg-edeka.de\/aktuelles\/wp-json\/wp\/v2\/pages\/288\/revisions\/8312"}],"up":[{"embeddable":true,"href":"https:\/\/www.bsg-edeka.de\/aktuelles\/wp-json\/wp\/v2\/pages\/66"}],"wp:attachment":[{"href":"https:\/\/www.bsg-edeka.de\/aktuelles\/wp-json\/wp\/v2\/media?parent=288"}],"curies":[{"name":"wp","href":"https:\/\/api.w.org\/{rel}","templated":true}]}}