{"id":194,"date":"2014-07-08T12:14:54","date_gmt":"2014-07-08T10:14:54","guid":{"rendered":"http:\/\/2014.bsg-edeka.de\/?page_id=194"},"modified":"2023-10-24T12:55:35","modified_gmt":"2023-10-24T10:55:35","slug":"fussball-osterweddigen","status":"publish","type":"page","link":"https:\/\/www.bsg-edeka.de\/aktuelles\/betriebstaete\/fussball\/fussball-osterweddigen\/","title":{"rendered":"Fu\u00dfball Osterweddigen"},"content":{"rendered":"<p>[et_pb_section fb_built=&#8220;1&#8243; _builder_version=&#8220;4.16&#8243; global_colors_info=&#8220;{}&#8220;][et_pb_row _builder_version=&#8220;4.16&#8243; background_size=&#8220;initial&#8220; background_position=&#8220;top_left&#8220; background_repeat=&#8220;repeat&#8220; global_colors_info=&#8220;{}&#8220;][et_pb_column type=&#8220;4_4&#8243; _builder_version=&#8220;4.16&#8243; custom_padding=&#8220;|||&#8220; global_colors_info=&#8220;{}&#8220; custom_padding__hover=&#8220;|||&#8220;][et_pb_text _builder_version=&#8220;4.23&#8243; hover_enabled=&#8220;0&#8243; global_colors_info=&#8220;{}&#8220; sticky_enabled=&#8220;0&#8243;]<\/p>\n<h1>Fu\u00dfball Osterweddingen<\/h1>\n<table style=\"border-collapse: collapse; width: 100%;\">\n<tbody>\n<tr>\n<td style=\"width: 50%; text-align: center;\"><a href=\"https:\/\/www.bsg-edeka.de\/wp-content\/uploads\/2023\/10\/pic.png\"><img loading=\"lazy\" decoding=\"async\" class=\"wp-image-6950 aligncenter size-full\" src=\"https:\/\/www.bsg-edeka.de\/wp-content\/uploads\/2023\/10\/pic.png\" alt=\"\" width=\"181\" height=\"278\" \/><\/a><\/td>\n<td style=\"width: 50%;\">\n<p dir=\"ltr\" style=\"text-align: center;\"><strong><span style=\"color: #333333; font-size: 14px; font-family: arial, helvetica, sans-serif;\">Auf einen Blick:<\/span><\/strong><\/p>\n<div style=\"text-align: center;\"><span style=\"color: #333333; font-size: 14px; font-family: arial, helvetica, sans-serif;\">Trainingszeiten:- <\/span><\/div>\n<div style=\"text-align: center;\"><span style=\"color: #333333; font-size: 14px; font-family: arial, helvetica, sans-serif;\">Um Trainingszeiten zu\u00a0<\/span><span style=\"color: #333333; font-size: 14px; font-family: arial, helvetica, sans-serif;\">erfahren bitte Fred Kramer oder<\/span><\/div>\n<div style=\"text-align: center;\"><span style=\"color: #333333; font-size: 14px; font-family: arial, helvetica, sans-serif;\">Patrick Rowald anrufen.<\/span><\/div>\n<\/td>\n<\/tr>\n<\/tbody>\n<\/table>\n<p>&nbsp;<\/p>\n<p>[\/et_pb_text][et_pb_text _builder_version=&#8220;4.23&#8243; _module_preset=&#8220;default&#8220; hover_enabled=&#8220;0&#8243; sticky_enabled=&#8220;0&#8243;]<\/p>\n<p>F\u00fcr die Sparten Fu\u00dfball, Volleyball, Laufen und Drachenboot in Osterweddingen gibt es aus organisatorischen Gr\u00fcnden keine festen Trainingszeiten.<\/p>\n<p>Spartenveranstaltungen werden \u00fcber Aushang (Gelber Schaukasten im Gang zur Kantiene und Fuhrparkausgang) bekannt gemacht.<br \/>Wir besuchen Spa\u00df-Veranstaltungen, bei denen keiner Profi sein muss, denn unser Motto ist &#8222;Dabeisein ist alles und fehlen ist schade&#8220;.<\/p>\n<p>Informationen bekommt ihr bei Fred Kramer und Patrick Rowald.<\/p>\n<p>[\/et_pb_text][et_pb_divider _builder_version=&#8220;4.16&#8243; global_colors_info=&#8220;{}&#8220;][\/et_pb_divider][\/et_pb_column][\/et_pb_row][et_pb_row _builder_version=&#8220;4.16&#8243; background_size=&#8220;initial&#8220; background_position=&#8220;top_left&#8220; background_repeat=&#8220;repeat&#8220; global_colors_info=&#8220;{}&#8220; column_structure=&#8220;3_4,1_4&#8243;][et_pb_column type=&#8220;3_4&#8243; _builder_version=&#8220;4.16&#8243; custom_padding=&#8220;|||&#8220; global_colors_info=&#8220;{}&#8220; custom_padding__hover=&#8220;|||&#8220;][et_pb_blog include_categories=&#8220;92&#8243; _builder_version=&#8220;4.23&#8243; hover_enabled=&#8220;0&#8243; global_colors_info=&#8220;{}&#8220; background_color=&#8220;RGBA(255,255,255,0)&#8220; sticky_enabled=&#8220;0&#8243;][\/et_pb_blog][\/et_pb_column][et_pb_column type=&#8220;1_4&#8243; _builder_version=&#8220;4.16&#8243; custom_padding=&#8220;|||&#8220; global_colors_info=&#8220;{}&#8220; custom_padding__hover=&#8220;|||&#8220;][et_pb_sidebar area=&#8220;sidebar-1&#8243; _builder_version=&#8220;4.16&#8243; global_colors_info=&#8220;{}&#8220;][\/et_pb_sidebar][\/et_pb_column][\/et_pb_row][\/et_pb_section]<\/p>\n","protected":false},"excerpt":{"rendered":"<p>Fu\u00dfball Osterweddingen Auf einen Blick: Trainingszeiten:- Um Trainingszeiten zu\u00a0erfahren bitte Fred Kramer oder Patrick Rowald anrufen. &nbsp;F\u00fcr die Sparten Fu\u00dfball, Volleyball, Laufen und Drachenboot in Osterweddingen gibt es aus organisatorischen Gr\u00fcnden keine festen Trainingszeiten. Spartenveranstaltungen werden \u00fcber Aushang (Gelber Schaukasten im Gang zur Kantiene und Fuhrparkausgang) bekannt gemacht.Wir besuchen Spa\u00df-Veranstaltungen, bei denen keiner Profi sein [&hellip;]<\/p>\n","protected":false},"author":5,"featured_media":0,"parent":45,"menu_order":3,"comment_status":"closed","ping_status":"closed","template":"","meta":{"_et_pb_use_builder":"on","_et_pb_old_content":"<h1 style=\"text-align: left;\">Fussball Osterweddigen<\/h1><hr \/><p>\u00a0<\/p><p><a href=\"http:\/\/bsg-edeka.de\/wp-content\/uploads\/2014\/07\/patrick.jpg\"><img class=\"alignright wp-image-1328 \" src=\"http:\/\/2014.bsg-edeka.de\/wp-content\/uploads\/2014\/07\/patrick-300x285.jpg\" alt=\"\" width=\"247\" height=\"235\" \/><\/a><a href=\"http:\/\/bsg-edeka.de\/wp-content\/uploads\/2014\/06\/Fussball1.jpg\"><img class=\"alignleft size-medium wp-image-843\" src=\"http:\/\/2014.bsg-edeka.de\/wp-content\/uploads\/2014\/06\/Fussball1-300x225.jpg\" alt=\"Fussball\" width=\"300\" height=\"225\" \/><\/a><\/p><p dir=\"ltr\" style=\"text-align: center;\"><span style=\"color: #333399; font-size: 18pt; font-family: arial,helvetica,sans-serif;\">Auf einen Blick:<\/span><\/p><div style=\"text-align: center;\"><span style=\"color: #333399; font-size: 10pt; font-family: arial,helvetica,sans-serif;\">Trainingszeiten:- <\/span><\/div><div style=\"text-align: center;\"><span style=\"color: #333399; font-size: 10pt; font-family: arial,helvetica,sans-serif;\">Um Trainingszeiten zu <\/span><\/div><div style=\"text-align: center;\"><span style=\"color: #333399; font-size: 10pt; font-family: arial,helvetica,sans-serif;\">erfahren bitte Fred Kramer oder<\/span><\/div><div style=\"text-align: center;\"><span style=\"color: #333399; font-size: 10pt; font-family: arial,helvetica,sans-serif;\">Patrick Rowald anrufen.<\/span><\/div><h1 style=\"text-align: left;\">\u00a0<\/h1><p>\u00a0<\/p><p>\u00a0<\/p><p>\u00a0<\/p><p>\u00a0<\/p><p>\u00a0<\/p><p>\u00a0<\/p><p>\u00a0<\/p><hr \/><p>\u00a0<\/p><p><span style=\"color: #333399; font-family: arial,helvetica,sans-serif; font-size: 14pt;\">Hallenfu\u00dfballturnier in Gr\u00f6ningen!\u00a0<\/span><\/p><p>\u00a0<\/p><p><span style=\"color: #333399; font-size: 10pt;\"><strong>Am 03.04.2017 fuhren wir auf Einladung nach Gr\u00f6ningen zum dortigen 15. Hallenfu\u00dfballturnier.<\/strong><\/span><\/p><p><span style=\"color: #333399; font-size: 10pt;\"><strong>Mit vier Mannschaften war das Turnier gut besetzt von denen wir schon zwei Mannschaften stellten.<\/strong><\/span><\/p><p><span style=\"color: #333399; font-size: 10pt;\"><strong>Eine Mannschaft Bestand aus unseren polnischen Kollegen und diese belegten am Ende Platz eins und sie hatten den besten Torsch\u00fctzen in ihren Reihen.\u00a0 <\/strong><\/span><\/p><p><span style=\"color: #333399; font-size: 10pt;\"><strong>Unsere zweite Mannschaft war zusammengew\u00fcrfelt und diese belegte am Ende Platz drei. <\/strong><\/span><\/p><p><span style=\"color: #333399; font-size: 10pt;\"><strong>F\u00fcr uns Stand wie immer der Spa\u00df im Vordergrund und bei einem Snack in der Halle lie\u00dfen wir den Abend gemeinsam ausklingen.<\/strong><\/span><\/p><p>\u00a0<\/p><p>\u00a0<\/p><p>\u00a0<\/p><hr \/><p><span style=\"color: #333399; font-size: 14pt; font-family: arial,helvetica,sans-serif;\">Fussball in der BSG EDEKA-Osterweddigen<\/span><\/p><p><span style=\"font-family: arial,helvetica,sans-serif; font-size: 10pt; color: #333399;\">f\u00fcr die Sparten Fu\u00dfball, Volleyball, Laufen und Drachenboot in Osterweddingen gibt es aus Organisatorischen Gr\u00fcnden keine Festen Trainingszeiten. <\/span><br \/><span style=\"font-family: arial,helvetica,sans-serif; font-size: 10pt; color: #333399;\"> Spartenveranstaltungen werden \u00fcber Aushang (Gelber Schaukasten im Gang zur Kantiene und Fuhrparkausgang) bekannt gemacht, Wir besuchen Spa\u00df Veranstaltungen bei dem keiner Profi sein muss denn unser Motto ist \"Dabeisein ist alles und fehlen ist schade\". \u00a0 <\/span><br \/><span style=\"font-family: arial,helvetica,sans-serif; font-size: small; color: #333399;\"> <span style=\"font-size: 10pt;\">Informationen bekommt ihr bei Fred Kramer und Patrick Rowald.<\/span> <\/span><\/p><p><span style=\"color: #333399; font-family: arial,helvetica,sans-serif;\">\u00a0<\/span><\/p><hr \/><p><span style=\"color: #333399; font-family: arial,helvetica,sans-serif;\">\u00a0<\/span><\/p><p><span style=\"color: #333399; font-size: 14pt; font-family: arial,helvetica,sans-serif;\">Ergebnisse<\/span><\/p><p>\u00a0<\/p><p><span style=\"color: #333399;\"><strong>Begegnung mit dem\u00a0<\/strong><\/span><span style=\"color: #333399;\"><strong>SV Rodersdorf e.V.<\/strong><\/span><\/p><p><span style=\"color: #333399; font-size: 10pt;\">Wie schon im letzten Jahr trafen sich die Mannschaften des SV Rodersdorf und EDEKA Osterweddingen.<\/span><\/p><p><span style=\"color: #333399; font-size: 10pt;\">P\u00fcnktlich um 14:00 Uhr wurde das Spiel angepfiffen.<\/span><\/p><p><span style=\"color: #333399; font-size: 10pt;\">Es dauerte nicht lange und das Spiel wurde durch ein Foul im Strafraum unterbrochen der daraus resultierende Strafsto\u00df brachte uns die F\u00fchrung und diese konnte lange verteidigt werden.<\/span><\/p><p><span style=\"color: #333399; font-size: 10pt;\">Nach dem Ausgleich geraten wir in R\u00fcckstand weil wir einfach unsere Chancen nicht konsequent nutzten.<\/span><\/p><p><span style=\"color: #333399; font-size: 10pt;\">Am Ende machte sich die Kondition bemerkbar und der Spielstand ging auch 6:4 f\u00fcr Rodersdorf in Ordnung.<\/span><\/p><p><span style=\"color: #333399; font-size: 10pt;\">Wir freuen uns auf das n\u00e4chste Freundschaftsspiel im Jahr 2017 wer wei\u00df wie es dann ausgeht.<\/span><\/p><p>\u00a0<\/p><p>\u00a0<\/p><hr \/><p>\u00a0<\/p><p>\u00a0<\/p><p>\u00a0<\/p><p><span style=\"color: #333399;\"><strong>Die Katze von Cochstedter!!<\/strong><\/span><\/p><p>\u00a0<\/p><p><a href=\"http:\/\/bsg-edeka.de\/wp-content\/uploads\/2014\/07\/20160625_134126.jpg\"><img class=\"alignleft size-medium wp-image-3340\" src=\"http:\/\/bsg-edeka.de\/wp-content\/uploads\/2014\/07\/20160625_134126-300x169.jpg\" alt=\"20160625_134126\" width=\"300\" height=\"169\" \/><\/a><\/p><p>\u00a0<\/p><p>\u00a0<\/p><p>\u00a0<\/p><p>\u00a0<\/p><p>\u00a0<\/p><p>\u00a0<\/p><p>\u00a0<\/p><p>\u00a0<\/p><p>\u00a0<\/p><p><span style=\"color: #333399; font-size: 10pt;\">Bei tollem Wetter und guter Laune trafen wir uns in Cochstedt\u00a0 zum Spa\u00dffu\u00dfball und warteten spannungsvoll auf die Auslosung.\u00a0Das Erste Spiel und gleich ein Remi, die Mannschaft bestehend aus drei Sprachen, hatte sich gefunden.\u00a0 Um den Gruppensieg zu erreichen mussten wir das n\u00e4chste Spiel mit vier Toren unterschied \u00a0gewinnen, was uns auch gelang.Um den Einzug ins Finale spielten wir gegen den SV Cochstedt und konnten dieses Spiel mit einer grandiosen Torwartleistung f\u00fcr uns entscheiden.<\/span><\/p><p><span style=\"color: #333399; font-size: 10pt;\">Finale\u2026Finale in diesem Spiel wurde es gegen Ende etwas hektisch denn es stand bis zum Schluss unentschieden, im anschlie\u00dfenden neun Meterschie\u00dfen drehte unsere Katze noch einmal richtig auf. Jede Mannschaft stellte drei Sch\u00fctzen von dehnen unsere Katze nur einen nicht halten konnte.<\/span><\/p><p><span style=\"color: #333399; font-size: 10pt;\">Im n\u00e4chsten Jahr m\u00fcssen wir den Pokal wieder verteidigen.<\/span><\/p><p>\u00a0<\/p><p>\u00a0<\/p><hr \/><p>\u00a0<\/p><p>\u00a0<\/p><p><span style=\"color: #333399;\"><strong>Fu\u00dfballevent in Klein M\u00fchlingen <\/strong><\/span><\/p><p><span style=\"color: #333399; font-size: 10pt;\">Bei sehr guten Witterungsbedingungen trafen wir uns zum Fu\u00dfballevent in Klein M\u00fchlingen (Salzlandkreis) zum \u00a0sportlichen Vergleich auf Gro\u00dffeld. Mit einer gemischten Edeka Mannschaft ging es an den Start, der Gegner eine Kreis Ligamannschaft die sich in ihrer Tabelle unter den ersten 5 bewegt. P\u00fcnktlich um 12:30 Uhr pfiff der extra angesetzte Schiedsrichter die Partie an. Die Edekaner mussten die ersten 20 Minuten im Unterzahl bestreiten da etliche Kollegen noch ihrer Arbeit nachkamen. In der ersten Halbzeit konnte die null gehalten werden was auch mehrmals unserem gut aufgelegten Torh\u00fcter zu verdanken war. In H\u00e4lfte 2 mussten wir leider aufgrund erheblicher Konditionsdefizite in allen Mannschaftsteilen die Segel streichen und den einen oder anderen Treffer hinnehmen. Am Ende stand es 7:2 f\u00fcr die Klein M\u00fchlinger was in der H\u00f6he auch gerecht war. Nach dem Spiel lie\u00dfen wir den Nachmittag bei leckerem Grillgut und kalten Getr\u00e4nken ausklingen und feilten noch kr\u00e4ftig an der n\u00e4chsten Aufstellung, eine Revanche f\u00fcr diese schmerzhafte Niederlage ist im n\u00e4chsten Jahr geplant.\u00a0\u00a0\u00a0\u00a0\u00a0\u00a0\u00a0\u00a0\u00a0\u00a0\u00a0\u00a0\u00a0\u00a0\u00a0\u00a0\u00a0\u00a0\u00a0\u00a0\u00a0\u00a0\u00a0\u00a0\u00a0\u00a0\u00a0\u00a0\u00a0\u00a0\u00a0\u00a0<\/span><\/p><p><span style=\"color: #333399; font-size: 10pt;\">Ein gro\u00dfes Dankesch\u00f6n an alle die dabei waren .<\/span><\/p><p>\u00a0<\/p><p><a href=\"http:\/\/bsg-edeka.de\/wp-content\/uploads\/2014\/07\/IMG-20160628-WA0000.jpg\"><img class=\"alignleft size-medium wp-image-3343\" src=\"http:\/\/bsg-edeka.de\/wp-content\/uploads\/2014\/07\/IMG-20160628-WA0000-169x300.jpg\" alt=\"IMG-20160628-WA0000\" width=\"169\" height=\"300\" \/><\/a><\/p><p>\u00a0<\/p><p>\u00a0<\/p><p>\u00a0<\/p><p>\u00a0<\/p><p>\u00a0<\/p><p>\u00a0<\/p><p>\u00a0<\/p><p>\u00a0<\/p><p>\u00a0<\/p><p>\u00a0<\/p><p>\u00a0<\/p><p>\u00a0<\/p><p>\u00a0<\/p><p>\u00a0<\/p><hr \/><p>\u00a0<\/p><p>\u00a0<\/p><p><span style=\"color: #333399;\"><strong>Begegnung mit dem SV Rohdersdorf e.V.<\/strong><\/span><\/p><p><span style=\"font-size: 10pt;\"><span style=\"color: #333399;\">Gef\u00fchlte 15 Grad\u2026Sonnenschein pur. Vom Wetter her konnte ein Fu\u00dfballsamstag im Februar nicht besser sein. Die Partie wurde p\u00fcnktlich angepfiffen und es dauerte nicht lange, bis unser erstes Tor von uns bejubelt werden konnte. Nach einer Weile wurden die gro\u00dfen L\u00fccken auf dem Platz bestraft und endete mit 5 Gegentoren zur Halbzeit. Nach dem Seitenwechsel fassten wir neuen Mut, und dieser wurde dann auch belohnt mit dem Anschlusstreffer. Dieser befl\u00fcgelte unsere Mannschaft, doch ein weiteres Tor wollte und wollte uns einfach nicht gelingen.\u00a0 Wir lie\u00dfen aber auch kein Gegentor mehr zu und somit stand das Ergebnis nach dem Schlusspfiff fest. Das Freundschaftsspiel endete 5:2 verdient f\u00fcr den SV Rohdersdorf. Bis zum n\u00e4chsten Wiedersehen.\u2026<\/span><\/span><\/p><p>\u00a0<\/p><p>\u00a0<\/p><hr \/><p>\u00a0<\/p><p>\u00a0<\/p><p><strong><span style=\"color: #333399; font-size: 12pt;\">Fu\u00dfballturnier!!!<\/span>\u00a0 \u00a0<\/strong><\/p><p><span style=\"color: #333399; font-size: 10pt;\">P\u00fcnktlich getroffen haben wir uns am Samstag den 21.02.15 zum besagten Hallenfu\u00dfballturnier in Gr\u00f6ningen. Nach der Auslosung folgte die Begr\u00fc\u00dfung und wir waren gefordert. Die Spielzeit betrug 15 min. Unser Gegner war eine Gastmannschaft aus Vietnam und diese Begegnung endete unentschieden. Gegen die gastgebende und eine weitere Mannschaft konnten wir einen Sieg einfahren. In diesen drei Spielen kristallisierte sich Sebastian Wilhelm als unser bester Torsch\u00fctze \u00a0heraus. Im letzten Spiel, den Gesamtsieg vor Augen, wurden die kleinsten Fehler hart bestraft und am Ende ist der dritte Platz unser.<\/span><\/p><p><a href=\"http:\/\/bsg-edeka.de\/wp-content\/uploads\/2014\/07\/fussball-fred-02.15.jpg\"><img class=\"aligncenter wp-image-2090 size-medium\" src=\"http:\/\/bsg-edeka.de\/wp-content\/uploads\/2014\/07\/fussball-fred-02.15-300x201.jpg\" alt=\"Fu\u00dfballturnier!!! \" width=\"300\" height=\"201\" \/><\/a><\/p><h2><span style=\"font-family: arial,helvetica,sans-serif;\">\u00a0<\/span><\/h2><p>\u00a0<\/p><p>\u00a0<\/p><p>\u00a0<\/p><p>\u00a0<\/p><p>\u00a0<\/p><p><span style=\"font-size: 10pt; color: #333399;\"><a style=\"color: #333399;\" href=\"http:\/\/www.bsg-edeka.de\/wp-content\/uploads\/2014\/07\/Spassfussball.doc\">Spassfussball<\/a><\/span><\/p><p><span style=\"color: #333399; font-family: arial,helvetica,sans-serif; font-size: 10pt;\">\u00a0<\/span><\/p><p><span style=\"font-size: 10pt; color: #333399;\"><a style=\"color: #333399;\" href=\"http:\/\/www.bsg-edeka.de\/wp-content\/uploads\/2014\/07\/Ergebnisse-Spielplan-Fussballturnier-05.07.2014.pdf\">Ergebnisse Spielplan Fussballturnier 05.07.2014<\/a><\/span><\/p><hr \/><p><span style=\"font-family: arial,helvetica,sans-serif;\">\u00a0<\/span><\/p><h1 style=\"text-align: center;\"><span style=\"font-family: arial,helvetica,sans-serif;\">\u00a0<\/span><\/h1><p style=\"text-align: center;\"><span style=\"color: #333399; font-size: 14pt; font-family: arial,helvetica,sans-serif;\">BSG EDEKA - Fussballer belegen Platz 15 bei den deutschen Betriebssportmeisterschaften<\/span><\/p><p><span style=\"color: #333399; font-family: arial,helvetica,sans-serif;\">Teilnahme an Turnier in Wiefelstede<\/span><br \/><span style=\"color: #333399; font-family: arial,helvetica,sans-serif;\"> Am 8.Juni nahmen wir am Fu\u00dfballturnier in Wiefelstede teil.Bei gutem Wetter\u00a0kamen wir p\u00fcnktlich an stellten unser Nachtquartier sicher.Mit 40 Mannschaften war das Turnier gut besucht,es wurde auf 4 Pl\u00e4tzen und in 6 Gruppen gespielt wobei die ersten 2 Teams weiterkamen.Mit 2 unentschieden 2Siegen und einer Niederlage blieb es uns leider \u00a0verw\u00e4hrt in die Playoffs zu kommen. Trotzdem war es f\u00fcr uns eine Reise wert denn das Team wuchs weiter zusammen. und Spa\u00df hatten wir allemal. Im n\u00e4chsten Jahr waren wir uns einig gehts wieder Richtung Oldenburg. Besonderen Dank gilt unserem Manschaftsbetreuer Steffen Tr\u00fcbe der sich aufopferungsvoll um das Team k\u00fcmmerte.<\/span><\/p><p><span style=\"color: #333399; font-family: arial,helvetica,sans-serif;\">Cochstedt war sch\u00f6n<\/span><br \/><span style=\"color: #333399; font-family: arial,helvetica,sans-serif;\"> Die Freiluftsaison wurde f\u00fcr den Fu\u00dfball am Sonnabend in Cochstedt er\u00f6ffnet.<\/span><br \/><span style=\"color: #333399; font-family: arial,helvetica,sans-serif;\"> Mehr<\/span><\/p><p><span style=\"color: #333399; font-family: arial,helvetica,sans-serif;\">Hallen Fu\u00dfballturnier in Gr\u00f6ningen.<\/span><\/p><p><span style=\"color: #333399; font-family: arial,helvetica,sans-serif;\">Unsere erste sportliche Veranstaltung f\u00fcr das Jahr 2012 begann mit dem Hallenfu\u00dfballturnier am Sonnabend in Gr\u00f6ningen. P\u00fcnktlich wie verabredet trafen wir uns alle vor der Sporthalle und nach der Auslosung hatten wir gleich das erste Spiel. Wir gingen kurz nach Spielbeginn in F\u00fchrung, aber im Hallenfu\u00dfball geht alles sehr schnell und wir gerieten in R\u00fcckstand, doch wir gaben nicht auf und erzielten den verdienten Ausgleich. Im zweiten Spiel gegen die Hausherren haben wir gnadenlos verloren und verschwanden mit h\u00e4ngenden K\u00f6pfen vom Spielfeld. Wie sich das f\u00fcr Sportler aber geh\u00f6rt bauten wir uns gegenseitig wieder auf und wir wollten doch unbedingt gewinnen, leider erk\u00e4mpften wir nur ein weiteres Unentschieden. Im letzten Spiel gerieten wir ganz schnell in R\u00fcckstand und uns erschien schon alles Hoffnungslos als pl\u00f6tzlich das Anschlusstor viel, dieses befl\u00fcgelte uns und wir waren nach dem Ausgleich dem Sieg sehr Nahe, doch leider war die Spielzeit von 15 Minuten vorbei. Am Ende belegten wir mit drei Unentschieden und einem verlorenen Spiel den 4. Platz. Unser Torwart mit dem Spitznamen >Die Katze< wurde als bester Torh\u00fcter ausgezeichnet.<\/span><\/p><h1 style=\"text-align: center;\"><a href=\"http:\/\/bsg-edeka.de\/wp-content\/uploads\/2014\/07\/Wiefelstede-2013.jpg\"><img class=\"aligncenter size-medium wp-image-471\" src=\"http:\/\/2014.bsg-edeka.de\/wp-content\/uploads\/2014\/07\/Wiefelstede-2013-300x225.jpg\" alt=\"Wiefelstede 2013\" width=\"300\" height=\"225\" \/><\/a><\/h1>","_et_gb_content_width":"","footnotes":""},"class_list":["post-194","page","type-page","status-publish","hentry"],"_links":{"self":[{"href":"https:\/\/www.bsg-edeka.de\/aktuelles\/wp-json\/wp\/v2\/pages\/194","targetHints":{"allow":["GET"]}}],"collection":[{"href":"https:\/\/www.bsg-edeka.de\/aktuelles\/wp-json\/wp\/v2\/pages"}],"about":[{"href":"https:\/\/www.bsg-edeka.de\/aktuelles\/wp-json\/wp\/v2\/types\/page"}],"author":[{"embeddable":true,"href":"https:\/\/www.bsg-edeka.de\/aktuelles\/wp-json\/wp\/v2\/users\/5"}],"replies":[{"embeddable":true,"href":"https:\/\/www.bsg-edeka.de\/aktuelles\/wp-json\/wp\/v2\/comments?post=194"}],"version-history":[{"count":2,"href":"https:\/\/www.bsg-edeka.de\/aktuelles\/wp-json\/wp\/v2\/pages\/194\/revisions"}],"predecessor-version":[{"id":6965,"href":"https:\/\/www.bsg-edeka.de\/aktuelles\/wp-json\/wp\/v2\/pages\/194\/revisions\/6965"}],"up":[{"embeddable":true,"href":"https:\/\/www.bsg-edeka.de\/aktuelles\/wp-json\/wp\/v2\/pages\/45"}],"wp:attachment":[{"href":"https:\/\/www.bsg-edeka.de\/aktuelles\/wp-json\/wp\/v2\/media?parent=194"}],"curies":[{"name":"wp","href":"https:\/\/api.w.org\/{rel}","templated":true}]}}