{"id":144,"date":"2014-06-17T18:47:45","date_gmt":"2014-06-17T16:47:45","guid":{"rendered":"http:\/\/2014.bsg-edeka.de\/?page_id=144"},"modified":"2026-04-10T13:40:54","modified_gmt":"2026-04-10T11:40:54","slug":"kanu-minden","status":"publish","type":"page","link":"https:\/\/www.bsg-edeka.de\/aktuelles\/kanu-minden\/","title":{"rendered":"Kanu"},"content":{"rendered":"<p>[et_pb_section fb_built=&#8220;1&#8243; _builder_version=&#8220;4.16&#8243; global_colors_info=&#8220;{}&#8220;][et_pb_row _builder_version=&#8220;4.27.4&#8243; background_size=&#8220;initial&#8220; background_position=&#8220;top_left&#8220; background_repeat=&#8220;repeat&#8220; global_colors_info=&#8220;{}&#8220;][et_pb_column type=&#8220;4_4&#8243; _builder_version=&#8220;4.16&#8243; custom_padding=&#8220;|||&#8220; global_colors_info=&#8220;{}&#8220; custom_padding__hover=&#8220;|||&#8220;][et_pb_text _builder_version=&#8220;4.27.6&#8243; _module_preset=&#8220;default&#8220; global_colors_info=&#8220;{}&#8220;]<\/p>\n<h1><span style=\"font-size: 24px;\">Kanu &#8211; Minden<\/span><\/h1>\n<table style=\"border-collapse: collapse; width: 100%;\">\n<tbody>\n<tr>\n<td style=\"width: 50%;\"><img loading=\"lazy\" decoding=\"async\" class=\"wp-image-7146 size-medium aligncenter\" src=\"https:\/\/www.bsg-edeka.de\/wp-content\/uploads\/2024\/03\/Kanu-298x300.png\" alt=\"\" width=\"298\" height=\"300\" \/><\/td>\n<td style=\"width: 50%;\">\n<p><strong>Auf einen Blick:<\/strong><\/p>\n<p><strong>Trainingszeit<\/strong>: immer dienstags um 17:30 Uhr<\/p>\n<p><strong>Ort:<\/strong>\u00a0Bootshaus des KSC Porta<\/p>\n<p>Interessierte melden sich bitte bei Ilka Brotmann Tel: 0571 802 1845 oder E-mail:\u00a0<a href=\"mailto:brotmann@bsg-edeka.de\">brotmann@bsg-edeka.de<\/a><\/p>\n<p>Hier die Links zu unserem TikTok-Video:<\/p>\n<p><iframe loading=\"lazy\" title=\"1. April 2025\" width=\"563\" height=\"1000\" src=\"https:\/\/www.youtube.com\/embed\/m5A6KGGQxeM?feature=oembed\"  allow=\"accelerometer; autoplay; clipboard-write; encrypted-media; gyroscope; picture-in-picture; web-share\" referrerpolicy=\"strict-origin-when-cross-origin\" allowfullscreen><\/iframe><\/p>\n<p>&nbsp;<\/p>\n<\/td>\n<\/tr>\n<\/tbody>\n<\/table>\n<p>[\/et_pb_text][\/et_pb_column][\/et_pb_row][et_pb_row column_structure=&#8220;3_4,1_4&#8243; _builder_version=&#8220;4.27.4&#8243; background_size=&#8220;initial&#8220; background_position=&#8220;top_left&#8220; background_repeat=&#8220;repeat&#8220; global_colors_info=&#8220;{}&#8220;][et_pb_column type=&#8220;3_4&#8243; _builder_version=&#8220;4.16&#8243; custom_padding=&#8220;|||&#8220; global_colors_info=&#8220;{}&#8220; custom_padding__hover=&#8220;|||&#8220;][et_pb_blog include_categories=&#8220;91&#8243; show_content=&#8220;on&#8220; admin_label=&#8220;Blog&#8220; _builder_version=&#8220;4.21.0&#8243; background_color=&#8220;RGBA(255,255,255,0)&#8220; global_colors_info=&#8220;{}&#8220;][\/et_pb_blog][\/et_pb_column][et_pb_column type=&#8220;1_4&#8243; _builder_version=&#8220;4.16&#8243; custom_padding=&#8220;|||&#8220; global_colors_info=&#8220;{}&#8220; custom_padding__hover=&#8220;|||&#8220;][et_pb_sidebar _builder_version=&#8220;4.27.6&#8243; _module_preset=&#8220;default&#8220; global_colors_info=&#8220;{}&#8220;][\/et_pb_sidebar][\/et_pb_column][\/et_pb_row][\/et_pb_section]<\/p>\n","protected":false},"excerpt":{"rendered":"<p>Kanu &#8211; Minden Auf einen Blick: Trainingszeit: immer dienstags um 17:30 Uhr Ort:\u00a0Bootshaus des KSC Porta Interessierte melden sich bitte bei Ilka Brotmann Tel: 0571 802 1845 oder E-mail:\u00a0brotmann@bsg-edeka.de Hier die Links zu unserem TikTok-Video: https:\/\/m.youtube.com\/shorts\/m5A6KGGQxeM &nbsp;<\/p>\n","protected":false},"author":1,"featured_media":0,"parent":0,"menu_order":0,"comment_status":"closed","ping_status":"closed","template":"","meta":{"_et_pb_use_builder":"on","_et_pb_old_content":"<h1>Kanu Minden<\/h1><hr \/><p>\u00a0<\/p><p><a href=\"http:\/\/bsg-edeka.de\/wp-content\/uploads\/2014\/06\/heike-krupka2.jpg\"><img class=\"alignright wp-image-1085 \" src=\"http:\/\/2014.bsg-edeka.de\/wp-content\/uploads\/2014\/06\/heike-krupka2-300x285.jpg\" alt=\"\" width=\"247\" height=\"235\" \/><\/a><a href=\"http:\/\/bsg-edeka.de\/wp-content\/uploads\/2014\/06\/Kanu.jpg\"><img class=\"alignleft wp-image-835 size-medium\" src=\"http:\/\/2014.bsg-edeka.de\/wp-content\/uploads\/2014\/06\/Kanu-300x225.jpg\" alt=\"\" width=\"300\" height=\"225\" \/><\/a><\/p><p dir=\"ltr\" style=\"text-align: center;\"><span style=\"color: #333399; font-size: 18pt; font-family: arial,helvetica,sans-serif;\">Auf einen Blick:<\/span><\/p><p><span id=\"result_box\" class=\"short_text\" lang=\"de\" style=\"color: #333399; font-family: arial,helvetica,sans-serif;\" tabindex=\"-1\"><span class=\"hps\">Wir Treffen uns alle 2 Wochen Dienstags \u00a0um 17.30 Uhr<br \/><\/span><\/span><span style=\"font-family: arial,helvetica,sans-serif; color: #333399;\">am Bootshaus des WSV Porta <\/span><span style=\"color: #333399; font-family: arial,helvetica,sans-serif;\">Interessenten melden sich bitte<\/span><span style=\"color: #333399; font-family: arial,helvetica,sans-serif;\">\u00a0bei Heike Krupka<\/span><span style=\"color: #333399; font-family: arial,helvetica,sans-serif;\">Tel: 0571 802 7107<\/span><span style=\"color: #333399; font-family: arial,helvetica,sans-serif;\">E-mail: <a style=\"color: #333399;\" href=\"mailto:krupka@bsg-edeka.de\">krupka@bsg-edeka.de<\/a><\/span><\/p><p>\u00a0<\/p><p>\u00a0<\/p><p>\u00a0<\/p><p>\u00a0<\/p><p>\u00a0<\/p><p>\u00a0<\/p><hr \/><p>\u00a0<\/p><p><span style=\"font-family: arial,helvetica,sans-serif;\">\u00a0<\/span><span style=\"font-size: 14pt; color: #333399; font-family: arial,helvetica,sans-serif;\">Informationen zum Sport (Geschichte, Spielregeln, Zielgruppe usw.)<\/span><\/p><p><span style=\"font-size: 14pt; font-family: arial,helvetica,sans-serif;\">\u00a0<\/span><\/p><hr \/><p>\u00a0<\/p><p><span style=\"color: #333399; font-size: 14pt; font-family: arial,helvetica,sans-serif;\">Kanu Sport bei der BSG EDEKA<\/span><\/p><p><span style=\"font-size: 14pt; font-family: arial,helvetica,sans-serif;\">\u00a0<\/span><\/p><hr \/><p><span style=\"font-size: 14pt; font-family: arial,helvetica,sans-serif;\">\u00a0<\/span><\/p><p><span style=\"color: #333399; font-size: 14pt; font-family: arial,helvetica,sans-serif;\">Berichte<br \/><\/span><\/p><hr \/><p>\u00a0<\/p><p>\u00a0<\/p><p><span style=\"font-size: 14pt; color: #333399;\">Abschluss 2016<\/span><\/p><p><span style=\"color: #333399; font-size: 10pt;\">Zum Abschluss der\u00a0 diesj\u00e4hrigen Paddelsaison fand am Sonntag, 9. Oktober noch einmal eine Paddeltour von Vlotho bis zum Bootshaus Porta statt. Krankheitsbedingt konnten leider nur\u00a0\u00a0 6 Paddler teilnehmen, die allerdings diese Paddeltour bei sch\u00f6nem Herbstwetter noch einmal richtig genie\u00dfen konnten. Im Anschluss wurde am Bootshaus noch gemeinsam mit weiteren BSG Mitgliedern gegrillt und es wurden einige Vorschl\u00e4ge und Pl\u00e4nef\u00fcr die Winterzeit und f\u00fcr die k\u00fcnftige Saison gesammelt.<\/span><\/p><p>\u00a0<\/p><hr \/><p>\u00a0<\/p><p>\u00a0<\/p><p>\u00a0<\/p><p><a href=\"http:\/\/bsg-edeka.de\/wp-content\/uploads\/2014\/06\/IMG-20161011-WA0002.jpg\"><img class=\"alignleft wp-image-3542 size-medium\" src=\"http:\/\/bsg-edeka.de\/wp-content\/uploads\/2014\/06\/IMG-20161011-WA0002-300x167.jpg\" width=\"300\" height=\"167\" \/><\/a><\/p><p>\u00a0<\/p><p>\u00a0<\/p><p>\u00a0<\/p><p>\u00a0<\/p><p>\u00a0<\/p><p>\u00a0<\/p><p>\u00a0<\/p><hr \/><p>\u00a0<\/p><p>\u00a0<\/p><h4><span style=\"font-size: 14pt; color: #333399;\">Neue Kanu-Gruppe der BSG EDEKA f\u00e4hrt die Weserberglandrallye beim Blauen Band der Weser<\/span><\/h4><p>\u00a0<\/p><p><span style=\"color: #333399; font-size: 10pt;\">Knapp 4 Monate nach ihrer Gr\u00fcndung hat die Kanu-Gruppe der BSG EDEKA an ihrer ersten Gro\u00dfveranstaltung teilgenommen. Im Rahmen des Blauen Bands der Weser, eine der \u00e4ltesten und traditionsreichsten Freizeit-Wassersportveranstaltung in Deutschland, haben 9 BSG-Paddler die Bronze-Strecke der Weserberglandrallye von Vlotho nach Minden gemeistert. Nach 3 Stunden Fahrt sind alle gemeinsam gut am Ziel auf Kanzlers Weide angekommen und haben ihre Medaillen in Empfang genommen.<\/span><\/p><p>\u00a0<\/p><p><span style=\"color: #333399; font-size: 10pt;\">Sollte das Team auch weiterhin mit so gro\u00dfer Teilnehmerzahl trainieren, ist bei der n\u00e4chsten Auflage in 2 Jahren die Silberstrecke ab Rinteln fest eingeplant.<\/span><\/p><p>\u00a0<\/p><p>\u00a0<\/p><p>\u00a0<\/p><p>\u00a0<\/p><hr \/><p>\u00a0<\/p><p>\u00a0<\/p><p>\u00a0<\/p><p><a href=\"http:\/\/bsg-edeka.de\/wp-content\/uploads\/2014\/06\/Weserberglandrally-der-Kanuten-06-09-2015-30.jpg\"><img class=\"alignleft size-medium wp-image-2641\" src=\"http:\/\/bsg-edeka.de\/wp-content\/uploads\/2014\/06\/Weserberglandrally-der-Kanuten-06-09-2015-30-300x200.jpg\" alt=\"Weserberglandrally der Kanuten 06-09-2015 (30)\" width=\"300\" height=\"200\" \/><\/a><\/p><p>\u00a0<\/p><p>\u00a0<\/p><p>\u00a0<\/p><p>\u00a0<\/p><p>\u00a0<\/p><p>\u00a0<\/p><p>\u00a0<\/p><hr \/><p>\u00a0<\/p><p>\u00a0<\/p><p><span style=\"font-size: 12pt; color: #333399;\">1. Treffen<\/span><\/p><p><span style=\"font-size: 10pt; color: #333399;\">Am 12.Mai 2015 startete unter der Leitung von Heike Krupka die neue Sparte Kanu.<\/span><\/p><p><span style=\"font-size: 10pt; color: #333399;\">Insgesamt fanden sich 15 Kollegen\/innen am Bootshaus des WSV Porta ein, um unter der fachkundigen Anleitung von den 3 externen Svenja, Ralf und Yannick Einweisungen in die<\/span><\/p><p><span style=\"font-size: 10pt; color: #333399;\">Grundlagen des Paddelns zu erlangen. Zuerst wurde am Land das Ein- und Aussteigen in die<\/span><\/p><p><span style=\"font-size: 10pt; color: #333399;\">Kajaks ge\u00fcbt, um anschlie\u00dfend die ersten Versuche auf der Weser zu starten.<\/span><\/p><p><span style=\"font-size: 10pt; color: #333399;\">K\u00fcnftig will sich die Gruppe alle 2 Wochen treffen um unterschiedliche Touren zu paddeln.<\/span><\/p><hr \/><p>\u00a0<\/p><p>\u00a0<\/p><p><a href=\"http:\/\/bsg-edeka.de\/wp-content\/uploads\/2014\/06\/DSCF1368.jpg\"><img class=\"alignleft size-medium wp-image-2390\" src=\"http:\/\/bsg-edeka.de\/wp-content\/uploads\/2014\/06\/DSCF1368-300x225.jpg\" alt=\"DSCF1368\" width=\"300\" height=\"225\" \/><\/a><\/p><p>\u00a0<\/p><p>\u00a0<\/p><p>\u00a0<\/p><p>\u00a0<\/p><p>\u00a0<\/p><p>\u00a0<\/p><p><a href=\"http:\/\/bsg-edeka.de\/wp-content\/uploads\/2014\/06\/DSCF1369.jpg\"><img class=\"alignleft size-medium wp-image-2391\" src=\"http:\/\/bsg-edeka.de\/wp-content\/uploads\/2014\/06\/DSCF1369-300x225.jpg\" alt=\"DSCF1369\" width=\"300\" height=\"225\" \/><\/a><\/p><hr \/><p>\u00a0<\/p><p>\u00a0<\/p><p><a href=\"http:\/\/bsg-edeka.de\/wp-content\/uploads\/2014\/06\/DSCF1372.jpg\"><img class=\"alignleft size-medium wp-image-2392\" src=\"http:\/\/bsg-edeka.de\/wp-content\/uploads\/2014\/06\/DSCF1372-300x225.jpg\" alt=\"DSCF1372\" width=\"300\" height=\"225\" \/><\/a><\/p><p>\u00a0<\/p><p>\u00a0<\/p><p>\u00a0<\/p><p>\u00a0<\/p><p>\u00a0<\/p><p>\u00a0<\/p><p>\u00a0<\/p><p><a href=\"http:\/\/bsg-edeka.de\/wp-content\/uploads\/2014\/06\/DSCF1373.jpg\"><img class=\"alignleft size-medium wp-image-2393\" src=\"http:\/\/bsg-edeka.de\/wp-content\/uploads\/2014\/06\/DSCF1373-300x225.jpg\" alt=\"DSCF1373\" width=\"300\" height=\"225\" \/><\/a><\/p>","_et_gb_content_width":"","footnotes":""},"class_list":["post-144","page","type-page","status-publish","hentry"],"_links":{"self":[{"href":"https:\/\/www.bsg-edeka.de\/aktuelles\/wp-json\/wp\/v2\/pages\/144","targetHints":{"allow":["GET"]}}],"collection":[{"href":"https:\/\/www.bsg-edeka.de\/aktuelles\/wp-json\/wp\/v2\/pages"}],"about":[{"href":"https:\/\/www.bsg-edeka.de\/aktuelles\/wp-json\/wp\/v2\/types\/page"}],"author":[{"embeddable":true,"href":"https:\/\/www.bsg-edeka.de\/aktuelles\/wp-json\/wp\/v2\/users\/1"}],"replies":[{"embeddable":true,"href":"https:\/\/www.bsg-edeka.de\/aktuelles\/wp-json\/wp\/v2\/comments?post=144"}],"version-history":[{"count":21,"href":"https:\/\/www.bsg-edeka.de\/aktuelles\/wp-json\/wp\/v2\/pages\/144\/revisions"}],"predecessor-version":[{"id":8298,"href":"https:\/\/www.bsg-edeka.de\/aktuelles\/wp-json\/wp\/v2\/pages\/144\/revisions\/8298"}],"wp:attachment":[{"href":"https:\/\/www.bsg-edeka.de\/aktuelles\/wp-json\/wp\/v2\/media?parent=144"}],"curies":[{"name":"wp","href":"https:\/\/api.w.org\/{rel}","templated":true}]}}