{"id":1081,"date":"2014-10-20T19:44:13","date_gmt":"2014-10-20T17:44:13","guid":{"rendered":"http:\/\/2014.bsg-edeka.de\/?page_id=1081"},"modified":"2018-03-19T16:59:05","modified_gmt":"2018-03-19T15:59:05","slug":"laufen-minden-2","status":"publish","type":"page","link":"https:\/\/www.bsg-edeka.de\/aktuelles\/betriebstaete\/laufen\/laufen-minden-2\/","title":{"rendered":"Laufen Minden"},"content":{"rendered":"<p>[et_pb_section bb_built=&#8220;1&#8243;][et_pb_row][et_pb_column type=&#8220;4_4&#8243;][et_pb_post_title admin_label=&#8220;Posttitel Laufen Minden&#8220; _builder_version=&#8220;3.0.86&#8243; title=&#8220;on&#8220; meta=&#8220;off&#8220; author=&#8220;on&#8220; date=&#8220;on&#8220; categories=&#8220;on&#8220; comments=&#8220;on&#8220; featured_image=&#8220;off&#8220; featured_placement=&#8220;below&#8220; text_color=&#8220;dark&#8220; text_background=&#8220;off&#8220; \/][et_pb_text _builder_version=&#8220;3.0.106&#8243; background_layout=&#8220;light&#8220; box_shadow_horizontal=&#8220;0px&#8220; box_shadow_vertical=&#8220;2px&#8220; box_shadow_blur=&#8220;18px&#8220; box_shadow_spread=&#8220;0px&#8220; header_text_align=&#8220;left&#8220;]<\/p>\n<table>\n<tbody>\n<tr>\n<td><img loading=\"lazy\" decoding=\"async\" class=\"aligncenter wp-image-837\" src=\"http:\/\/www.bsg-edeka.de\/wp-content\/uploads\/2014\/06\/Laufen-300x225.jpg\" alt=\"Laufen\" width=\"212\" height=\"159\" \/><\/td>\n<td>\n<p dir=\"ltr\">Auf einen Blick:<\/p>\n<div>In Minden gibt es eine Laufgruppe.<\/div>\n<div>F\u00fcr detaillierte gibt es beim Spartenleiter Oliver Sturm.<\/div>\n<\/td>\n<td><img loading=\"lazy\" decoding=\"async\" class=\"aligncenter wp-image-2841\" src=\"http:\/\/www.bsg-edeka.de\/wp-content\/uploads\/2014\/10\/Oliver-300x286.jpg\" alt=\"Oliver\" width=\"205\" height=\"195\" srcset=\"https:\/\/www.bsg-edeka.de\/wp-content\/uploads\/2014\/10\/Oliver-300x286.jpg 300w, https:\/\/www.bsg-edeka.de\/wp-content\/uploads\/2014\/10\/Oliver.jpg 500w\" sizes=\"(max-width: 205px) 100vw, 205px\" \/><\/td>\n<\/tr>\n<\/tbody>\n<\/table>\n<p>&nbsp;<\/p>\n<p>[\/et_pb_text][\/et_pb_column][\/et_pb_row][et_pb_row][et_pb_column type=&#8220;3_4&#8243;][et_pb_blog admin_label=&#8220;Blog Laufen Minden&#8220; _builder_version=&#8220;3.0.82&#8243; show_thumbnail=&#8220;on&#8220; show_more=&#8220;off&#8220; show_author=&#8220;on&#8220; show_date=&#8220;on&#8220; show_categories=&#8220;on&#8220; show_comments=&#8220;off&#8220; show_pagination=&#8220;on&#8220; include_categories=&#8220;17&#8243; show_content=&#8220;on&#8220; use_overlay=&#8220;on&#8220; fullwidth=&#8220;on&#8220; use_dropshadow=&#8220;off&#8220; background_layout=&#8220;light&#8220; pagination_font_size_tablet=&#8220;51&#8243; pagination_line_height_tablet=&#8220;2&#8243; border_style=&#8220;solid&#8220; box_shadow_position=&#8220;outer&#8220; box_shadow_color=&#8220;rgba(0,0,0,0.3)&#8220; box_shadow_style=&#8220;none&#8220; \/][\/et_pb_column][et_pb_column type=&#8220;1_4&#8243;][et_pb_sidebar _builder_version=&#8220;3.0.82&#8243; area=&#8220;sidebar-1&#8243; orientation=&#8220;left&#8220; show_border=&#8220;on&#8220; background_layout=&#8220;light&#8220; box_shadow_position=&#8220;outer&#8220; \/][\/et_pb_column][\/et_pb_row][\/et_pb_section]<\/p>\n","protected":false},"excerpt":{"rendered":"<div class=\"et_pb_with_border et_pb_row et_pb_row_0 et_pb_row_empty\"><\/div>\n<p> Auf einen Blick: In Minden gibt es eine Laufgruppe. F\u00fcr detaillierte gibt es beim Spartenleiter Oliver Sturm. &nbsp; <\/p>\n<div class=\"et_pb_with_border et_pb_row et_pb_row_1 et_pb_row_empty\"><\/div><\/p>\n","protected":false},"author":5,"featured_media":0,"parent":50,"menu_order":1,"comment_status":"closed","ping_status":"closed","template":"","meta":{"_et_pb_use_builder":"on","_et_pb_old_content":"<p>\u00a0<\/p><p><a href=\"http:\/\/bsg-edeka.de\/wp-content\/uploads\/2014\/06\/Laufen.jpg\"><img class=\"alignleft size-medium wp-image-837\" src=\"http:\/\/2014.bsg-edeka.de\/wp-content\/uploads\/2014\/06\/Laufen-300x225.jpg\" alt=\"Laufen\" width=\"300\" height=\"225\" \/><\/a><a href=\"http:\/\/bsg-edeka.de\/wp-content\/uploads\/2014\/10\/Oliver.jpg\" rel=\"attachment wp-att-2841\"><img class=\"alignright size-medium wp-image-2841\" src=\"http:\/\/bsg-edeka.de\/wp-content\/uploads\/2014\/10\/Oliver-300x286.jpg\" alt=\"Oliver\" width=\"300\" height=\"286\" \/><\/a><\/p><p dir=\"ltr\" style=\"text-align: center;\"><span style=\"color: #333399; font-size: 18pt; font-family: arial,helvetica,sans-serif;\">Auf einen Blick:<\/span><\/p><div style=\"text-align: center;\"><span style=\"color: #333399; font-family: arial,helvetica,sans-serif;\">In Minden gibt es zwei Laufgruppen<\/span><\/div><div dir=\"ltr\"><div style=\"text-align: center;\"><span style=\"color: #333399; font-family: arial,helvetica,sans-serif;\">Eine f\u00fcr \u201cerfahrene L\u00e4ufer\u201d<\/span><\/div><div style=\"text-align: center;\"><div><span style=\"color: #333399; font-family: arial,helvetica,sans-serif;\">und\u00a0 die Herzschrittmacher f\u00fcr Hobbyl\u00e4ufer und Anf\u00e4nger<br \/> <\/span><\/div><\/div><\/div><p>\u00a0<\/p><p>\u00a0<\/p><p>\u00a0<\/p><hr \/><p style=\"text-align: center;\">\u00a0<span id=\"result_box\" lang=\"de\" style=\"color: #333399; font-size: 18pt; font-family: arial,helvetica,sans-serif;\" tabindex=\"-1\"><span class=\"hps\">Klicken Sie einfach<\/span> <span class=\"hps\">auf das Logo<\/span>\u00a0<span class=\"hps\">der einzelnen Gruppen<\/span><span class=\"hps\"><span id=\"result_box\" class=\"short_text\" lang=\"de\" tabindex=\"-1\">, um mehr Informationen zu erhalten<\/span><\/span><\/span><\/p><hr \/><p><a href=\"http:\/\/bsg-edeka.de\/herzschrittmacher\/\"><img class=\"alignright wp-image-1107 size-medium\" src=\"http:\/\/2014.bsg-edeka.de\/wp-content\/uploads\/2014\/10\/UNTITLED-2-271x300.jpg\" alt=\"\" width=\"271\" height=\"300\" \/><\/a><a href=\" http:\/\/bsg-edeka.de\/betriebstaete\/laufen\/laufen-minden-2\/laufen-minden\/\"><img class=\"alignleft wp-image-1106 size-medium\" src=\"http:\/\/2014.bsg-edeka.de\/wp-content\/uploads\/2014\/10\/UNTITLED-1-300x270.jpg\" alt=\"\" width=\"300\" height=\"270\" \/><\/a><\/p><p>\u00a0<\/p><p>\u00a0<\/p><p>\u00a0<\/p><p>\u00a0<\/p><p>\u00a0<\/p><p>\u00a0<\/p><p>[posts-to-page cat_id=17]<\/p>","_et_gb_content_width":"","footnotes":""},"class_list":["post-1081","page","type-page","status-publish","hentry"],"_links":{"self":[{"href":"https:\/\/www.bsg-edeka.de\/aktuelles\/wp-json\/wp\/v2\/pages\/1081","targetHints":{"allow":["GET"]}}],"collection":[{"href":"https:\/\/www.bsg-edeka.de\/aktuelles\/wp-json\/wp\/v2\/pages"}],"about":[{"href":"https:\/\/www.bsg-edeka.de\/aktuelles\/wp-json\/wp\/v2\/types\/page"}],"author":[{"embeddable":true,"href":"https:\/\/www.bsg-edeka.de\/aktuelles\/wp-json\/wp\/v2\/users\/5"}],"replies":[{"embeddable":true,"href":"https:\/\/www.bsg-edeka.de\/aktuelles\/wp-json\/wp\/v2\/comments?post=1081"}],"version-history":[{"count":0,"href":"https:\/\/www.bsg-edeka.de\/aktuelles\/wp-json\/wp\/v2\/pages\/1081\/revisions"}],"up":[{"embeddable":true,"href":"https:\/\/www.bsg-edeka.de\/aktuelles\/wp-json\/wp\/v2\/pages\/50"}],"wp:attachment":[{"href":"https:\/\/www.bsg-edeka.de\/aktuelles\/wp-json\/wp\/v2\/media?parent=1081"}],"curies":[{"name":"wp","href":"https:\/\/api.w.org\/{rel}","templated":true}]}}