{"id":10,"date":"2014-04-01T23:21:44","date_gmt":"2014-04-01T21:21:44","guid":{"rendered":"http:\/\/2014.bsg-edeka.de\/?page_id=10"},"modified":"2017-10-22T18:06:10","modified_gmt":"2017-10-22T16:06:10","slug":"minden","status":"publish","type":"page","link":"https:\/\/www.bsg-edeka.de\/aktuelles\/betriebstaete\/minden\/","title":{"rendered":"Volleyball"},"content":{"rendered":"<p>[et_pb_section bb_built=&#8220;1&#8243;][et_pb_row][et_pb_column type=&#8220;3_4&#8243;][et_pb_post_title _builder_version=&#8220;3.0.82&#8243; title=&#8220;on&#8220; meta=&#8220;off&#8220; author=&#8220;on&#8220; date=&#8220;on&#8220; categories=&#8220;on&#8220; comments=&#8220;on&#8220; featured_image=&#8220;off&#8220; featured_placement=&#8220;below&#8220; text_color=&#8220;dark&#8220; text_background=&#8220;off&#8220; border_style=&#8220;solid&#8220; box_shadow_position=&#8220;outer&#8220; \/][et_pb_text admin_label=&#8220;Volleyball Allgemein&#8220; _builder_version=&#8220;3.0.82&#8243; background_layout=&#8220;light&#8220; border_style=&#8220;solid&#8220; box_shadow_position=&#8220;outer&#8220;]<\/p>\n<p class=\"Wp-k_nstlerischer-textk_rper-p-P\"><span class=\"Wp-normal-c2-C Sz-normal-c2-C-140px\">Das Volleyballteam der BSG EDEKA Minden-Hannover e.V. gibt es fast solange wie die BSG selbst. Zur Saison 1980\/81 wurde das Team gegr\u00fcndet. Wir sind eine Mixed-Mannschaft. Bei nahezu allen Wettbewerben die wir spielen, m\u00fcssen mindestens 2 oder 3 Damen eingesetzt werden. Der EDEKA-Mitarbeiterin Sigrid Rommelmann ist der Aufbau des Teams zu verdanken. Sie hat die Mannschaft gegr\u00fcndet, \u00fcber viele Jahre trainiert und ist auch heute noch aktiv.<br \/>\n<\/span><\/p>\n<p class=\"Wp-k_nstlerischer-textk_rper-p-P\"><span class=\"Wp-normal-c2-C Sz-normal-c2-C-140px\">Wir nehmen seit vielen Jahren an der Kreismeisterschaft und Pokalrunde des Betriebssport-Kreisverbandes Minden-L\u00fcbbecke<br \/>\n(<\/span><span class=\"Wp-Hyperlink-C Sz-Hyperlink-C-140px\"><a href=\"http:\/\/www.bkv-minden-luebbecke.de\/\" target=\"_blank\" rel=\"noopener\">www.bkv-minden-luebbecke.de<\/a><\/span><span class=\"Wp-normal-c2-C Sz-normal-c2-C-140px\"><a href=\"http:\/\/www.bkv-minden-luebbecke.de\/\" target=\"_blank\" rel=\"noopener\">)<\/a> teil. Dort spielen wir regelm\u00e4\u00dfig in einer Liga mit etwa 10 Teams aus anderen Betrieben. In diesem Wettbewerb belegten wir fast regelm\u00e4\u00dfig Pl\u00e4tze unter den ersten 5. Die Jahre 2003, 2006 und 2012 waren mit dem Gewinn der Betriebssport-Kreismeisterschaft jeweils die erfolgreichsten. Zus\u00e4tzlich konnten wir in den Jahren 1999, 2003 und 2004 drei Pokalsiege erringen. Seit 2012 spielen sogar 2 Teams der BSG EDEKA in der Kreismeisterschafts und Pokalrunde.<\/span><\/p>\n<p>Ein Jahresh\u00f6hepunkt in der Region Minden ist immer das Volleyball-Fr\u00fchlingsturnier des Betriebssportverbandes Westfalen in der Mindener Kampa-Halle. Gemeinsam mit inzwischen rund 20 Betriebssportmannschaften aus dem In- und Ausland nehmen wir hieran seit Jahren teil.<\/p>\n<p>Auch an \u00fcberregionalen Turnieren haben wir schon h\u00e4ufiger teilgenommen. Insbesondere sind hier die Deutschen Meisterschaften 1999 in Berlin und 2001 in Hamburg, sowie die Europ\u00e4ischen Betriebssportspiele 2011 in Hamburg und 2013 in Prag zu erw\u00e4hnen. Auch wenn wir bei allen diesen Veranstaltungen sportlich chancenlos waren, war es doch immer ein gro\u00dfes Erlebnis.<\/p>\n<p>[\/et_pb_text][\/et_pb_column][et_pb_column type=&#8220;1_4&#8243;][et_pb_sidebar _builder_version=&#8220;3.0.82&#8243; area=&#8220;sidebar-1&#8243; orientation=&#8220;left&#8220; show_border=&#8220;on&#8220; background_layout=&#8220;light&#8220; box_shadow_position=&#8220;outer&#8220; \/][\/et_pb_column][\/et_pb_row][\/et_pb_section]<\/p>\n","protected":false},"excerpt":{"rendered":"<div class=\"et_pb_with_border et_pb_row et_pb_row_0 et_pb_row_empty\"><\/div>\n<p> Das Volleyballteam der BSG EDEKA Minden-Hannover e.V. gibt es fast solange wie die BSG selbst. Zur Saison 1980\/81 wurde das Team gegr\u00fcndet. Wir sind eine Mixed-Mannschaft. Bei nahezu allen Wettbewerben die wir spielen, m\u00fcssen mindestens 2 oder 3 Damen eingesetzt werden. Der EDEKA-Mitarbeiterin Sigrid Rommelmann ist der Aufbau des Teams zu verdanken. Sie hat [&hellip;]<\/p>\n","protected":false},"author":1,"featured_media":0,"parent":8,"menu_order":0,"comment_status":"closed","ping_status":"closed","template":"","meta":{"_et_pb_use_builder":"on","_et_pb_old_content":"<table style=\"height: 400px; width: 1157px;\" width=\"1157\"><tbody><tr><td><span class=\"k_nstlerischer-textk_rper-p-C-C3\"><a href=\"http:\/\/2014.bsg-edeka.de\/wp-content\/uploads\/2014\/04\/Super-Geil-Volleyball.jpg\"><img class=\"alignnone size-medium wp-image-154\" src=\"http:\/\/2014.bsg-edeka.de\/wp-content\/uploads\/2014\/04\/Super-Geil-Volleyball-300x300.jpg\" alt=\"Super Geil Volleyball\" width=\"300\" height=\"300\" \/><\/a><\/span><\/td><td><p class=\"Wp-k_nstlerischer-textk_rper-p-P\"><span class=\"Wp-normal-c2-C Sz-normal-c2-C-140px\">Das Volleyballteam der BSG EDEKA Minden-Hannover e.V. gibt es fast solange wie die BSG selbst. Zur Saison 1980\/81 wurde das Team gegr\u00fcndet. Wir sind eine Mixed-Mannschaft. Bei nahezu allen Wettbewerben die wir spielen, m\u00fcssen mindestens 2 oder 3 Damen eingesetzt werden. Der EDEKA-Mitarbeiterin Sigrid Rommelmann ist der Aufbau des Teams zu verdanken. Sie hat die Mannschaft gegr\u00fcndet, \u00fcber viele Jahre trainiert und ist auch heute noch aktiv.<br \/> <\/span><\/p><p class=\"Wp-k_nstlerischer-textk_rper-p-P\"><span class=\"Wp-normal-c2-C Sz-normal-c2-C-140px\">Wir nehmen seit vielen Jahren an der Kreismeisterschaft und Pokalrunde des Betriebssport-Kreisverbandes Minden-L\u00fcbbecke<br \/> (<\/span><span class=\"Wp-Hyperlink-C Sz-Hyperlink-C-140px\"><a style=\"text-decoration: underline;\" href=\"http:\/\/www.bkv-minden-luebbecke.de\/\" target=\"_blank\" rel=\"noopener\">www.bkv-minden-luebbecke.de<\/a><\/span><span class=\"Wp-normal-c2-C Sz-normal-c2-C-140px\"><a style=\"text-decoration: underline;\" href=\"http:\/\/www.bkv-minden-luebbecke.de\/\" target=\"_blank\" rel=\"noopener\">)<\/a> teil. Dort spielen wir regelm\u00e4\u00dfig in einer Liga mit etwa 10 Teams aus anderen Betrieben. In diesem Wettbewerb belegten wir fast regelm\u00e4\u00dfig Pl\u00e4tze unter den ersten 5. Die Jahre 2003, 2006 und 2012 waren mit dem Gewinn der Betriebssport-Kreismeisterschaft jeweils die erfolgreichsten. Zus\u00e4tzlich konnten wir in den Jahren 1999, 2003 und 2004 drei Pokalsiege erringen. Seit 2012 spielen sogar 2 Teams der BSG EDEKA in der Kreismeisterschafts und Pokalrunde.<\/span><\/p><p>Ein Jahresh\u00f6hepunkt in der Region Minden ist immer das Volleyball-Fr\u00fchlingsturnier des Betriebssportverbandes Westfalen in der Mindener Kampa-Halle. Gemeinsam mit inzwischen rund 20 Betriebssportmannschaften aus dem In- und Ausland nehmen wir hieran seit Jahren teil.<\/p><p>Auch an \u00fcberregionalen Turnieren haben wir schon h\u00e4ufiger teilgenommen. Insbesondere sind hier die Deutschen Meisterschaften 1999 in Berlin und 2001 in Hamburg, sowie die Europ\u00e4ischen Betriebssportspiele 2011 in Hamburg und 2013 in Prag zu erw\u00e4hnen. Auch wenn wir bei allen diesen Veranstaltungen sportlich chancenlos waren, war es doch immer ein gro\u00dfes Erlebnis.<\/p><p><span class=\"k_nstlerischer-textk_rper-p-C-C3\"><br \/> Wer Lust hat, kann gerne einmal bei uns vorbeischauen. Wir trainieren Montags von 20:00 bis 22:00 Uhr in der Sporthalle Parkstra\u00dfe (Otto-Michelsen-Sportzentrum) \u00a0in Minden. Am besten vorher aber kurz nachfragen, denn an einigen Montagen haben wir Punktspiele und kein Training.<\/span><\/p><\/td><\/tr><\/tbody><\/table>","_et_gb_content_width":"","footnotes":""},"class_list":["post-10","page","type-page","status-publish","hentry"],"_links":{"self":[{"href":"https:\/\/www.bsg-edeka.de\/aktuelles\/wp-json\/wp\/v2\/pages\/10","targetHints":{"allow":["GET"]}}],"collection":[{"href":"https:\/\/www.bsg-edeka.de\/aktuelles\/wp-json\/wp\/v2\/pages"}],"about":[{"href":"https:\/\/www.bsg-edeka.de\/aktuelles\/wp-json\/wp\/v2\/types\/page"}],"author":[{"embeddable":true,"href":"https:\/\/www.bsg-edeka.de\/aktuelles\/wp-json\/wp\/v2\/users\/1"}],"replies":[{"embeddable":true,"href":"https:\/\/www.bsg-edeka.de\/aktuelles\/wp-json\/wp\/v2\/comments?post=10"}],"version-history":[{"count":0,"href":"https:\/\/www.bsg-edeka.de\/aktuelles\/wp-json\/wp\/v2\/pages\/10\/revisions"}],"up":[{"embeddable":true,"href":"https:\/\/www.bsg-edeka.de\/aktuelles\/wp-json\/wp\/v2\/pages\/8"}],"wp:attachment":[{"href":"https:\/\/www.bsg-edeka.de\/aktuelles\/wp-json\/wp\/v2\/media?parent=10"}],"curies":[{"name":"wp","href":"https:\/\/api.w.org\/{rel}","templated":true}]}}